{"id":103,"date":"2020-01-13T16:58:33","date_gmt":"2020-01-13T15:58:33","guid":{"rendered":"http:\/\/brudizen.com\/?page_id=103"},"modified":"2022-02-14T15:12:46","modified_gmt":"2022-02-14T14:12:46","slug":"harmonisation-des-champs-electromagnetiques","status":"publish","type":"page","link":"https:\/\/brudizen.com\/index.php\/prestations\/harmonisation-des-champs-electromagnetiques\/","title":{"rendered":"Harmonisation des champs \u00e9lectromagn\u00e9tiques"},"content":{"rendered":"\n<h2 class=\"wp-block-heading\">EMF BALANCING TECHNIQUE<\/h2>\n\n\n\n<p><strong>Un mod\u00e8le sophistiqu\u00e9 de travail de l\u2019\u00e9nergie<\/strong><strong>.<\/strong><\/p>\n\n\n\n<div class=\"wp-block-image\"><figure class=\"alignright size-large is-resized\"><img decoding=\"async\" loading=\"lazy\" src=\"http:\/\/brudizen.com\/wp-content\/uploads\/2020\/01\/UCL-French-official-729x1024.jpg\" alt=\"\" class=\"wp-image-152\" width=\"269\" height=\"378\" srcset=\"https:\/\/brudizen.com\/wp-content\/uploads\/2020\/01\/UCL-French-official-729x1024.jpg 729w, https:\/\/brudizen.com\/wp-content\/uploads\/2020\/01\/UCL-French-official-214x300.jpg 214w, https:\/\/brudizen.com\/wp-content\/uploads\/2020\/01\/UCL-French-official-768x1079.jpg 768w, https:\/\/brudizen.com\/wp-content\/uploads\/2020\/01\/UCL-French-official.jpg 883w\" sizes=\"(max-width: 269px) 100vw, 269px\" \/><\/figure><\/div>\n\n\n\n<p>L\u2019&nbsp;<a href=\"http:\/\/emfbalancingtechnique.com\/index_home.php?phpLang=fr\">EMF Balancing technique \u00ae<\/a>, (Electro Magn\u00e9tic Field ou champ \u00e9lectromagn\u00e9tique) est la m\u00e9thode \u00e9nerg\u00e9tique con\u00e7ue pour travailler avec l\u2019Universal Calibration Lattice <br>(U.C.L.), une partie de notre anatomie \u00e9nerg\u00e9tique humaine. La technique pr\u00e9sente une marche \u00e0 suivre structur\u00e9e&nbsp;et&nbsp;simple, que chacun peut apprendre, utilisant l\u2019effet d\u2019humain \u00e0 humain sur le champ \u00e9lectromagn\u00e9tique. Il existe 13 phases au sein de cette technique, chacune con\u00e7ue pour fonctionner avec l\u2019Universal Calibration Lattice et le renforcer.<\/p>\n\n\n\n<p>L\u2019U.C.L. est le circuit pour la charge \u00e9lectrique qui sert de fondation au prochain niveau de notre \u00e9volution personnelle. Ce syst\u00e8me de notre anatomie est une prolongation de notre syst\u00e8me nerveux sympathique et parasympathique qui nous aide dans le d\u00e9veloppement de nos capacit\u00e9s \u00e0 nous exprimer enti\u00e8rement. N\u2019importe qui sur le chemin de la croissance personnelle consciente tirera b\u00e9n\u00e9fice d\u2019avoir une plus grande connaissance de son U.C.L., puisqu\u2019il affecte tout ce que nous faisons.<\/p>\n\n\n\n<ul><li>Chacune des phases re\u00e7ues facilite l\u2019exp\u00e9rience de soi en tant qu\u2019\u00eatre \u00e9nerg\u00e9tique, construisant les fondations pour une \u00e9volution de la conscience vers celle d\u2019un \u00catre Evolutif en constante Emergence.<\/li><\/ul>\n\n\n\n<ul><li>Chaque session offre \u00e9galement un r\u00e9-alignement puissant au sein de l\u2019anatomie \u00e9nerg\u00e9tique, ce qui renforce l\u2019Universal Calibration Lattice. Ceci est un facteur important pour \u00eatre en partenariat avec le champ \u00e9nerg\u00e9tique unifi\u00e9, appel\u00e9 aussi le Treillis Cosmique.<\/li><\/ul>\n\n\n\n<p>Les avantages \u00e0 recevoir les sessions EMF Balancing Technique sont illimit\u00e9s alors que nous apprenons comment explorer, traduire et former notre monde en tant qu\u2019\u00eatres multidimensionnels. Le travail renforce tout \u00eatre qui souhaite continuer \u00e0 d\u00e9velopper une meilleure compr\u00e9hension de son \u00e9nergie centrale et d&#8217;\u00eatre plus pr\u00e9sent dans son &#8220;maintenant&#8221;.<\/p>\n\n\n\n<p>&#8220;Au sage chevronn\u00e9 qui sait que le voyage est \u00e9ternel et la croissance illimit\u00e9e.&#8221;<\/p>\n\n\n\n<p>Ci-dessous 2 liens vid\u00e9o \u00e0 consulter, que vous souhaitiez ou non aller plus loin sur cette page. Le 1er est plus g\u00e9n\u00e9ral et le second en lien avec les phases 9 \u00e0 12.<\/p>\n\n\n\n<p><strong><a href=\"http:\/\/emfworldwidestore.com\/emfworldwide\/en\/media-gallery\/third-lattice-video\"><em>www.emfworldwidestore.com\/emfworldwide\/en\/media-gallery\/third-lattice-video<\/em><\/a><\/strong><\/p>\n\n\n\n<p><strong>&nbsp;<\/strong>12 phases diff\u00e9rentes \u00e9volutives (3 \u00e9tapes de 4 phases chacune) pour un parcours de d\u00e9veloppement personnel complet et productif de changements, \u00e0 suivre \u00e0 votre&nbsp;rythme.&nbsp;<br><\/p>\n\n\n\n<p><strong>UN PEU D\u2019HISTORIQUE DE L\u2019EMF Balancing Technique\u00ae<\/strong><\/p>\n\n\n\n<div class=\"wp-block-image\"><figure class=\"alignleft size-large is-resized\"><img decoding=\"async\" loading=\"lazy\" src=\"http:\/\/brudizen.com\/wp-content\/uploads\/2020\/01\/IMG_8324-1-682x1024.jpeg\" alt=\"\" class=\"wp-image-149\" width=\"143\" height=\"214\" srcset=\"https:\/\/brudizen.com\/wp-content\/uploads\/2020\/01\/IMG_8324-1-682x1024.jpeg 682w, https:\/\/brudizen.com\/wp-content\/uploads\/2020\/01\/IMG_8324-1-200x300.jpeg 200w, https:\/\/brudizen.com\/wp-content\/uploads\/2020\/01\/IMG_8324-1-768x1152.jpeg 768w, https:\/\/brudizen.com\/wp-content\/uploads\/2020\/01\/IMG_8324-1.jpeg 853w\" sizes=\"(max-width: 143px) 100vw, 143px\" \/><\/figure><\/div>\n\n\n\n<p><br>Peggy Phoenix Dubro, de part sa perception personnelle et unique du champ \u00e9lectro magn\u00e9tique, a cr\u00e9\u00e9 et mis au point en l\u2019 EMF&nbsp; Balancing Technique&nbsp;\u00ae en 1988. &nbsp;Elle a pratiqu\u00e9 cette m\u00e9thode aupr\u00e8s de sa client\u00e8le durant plus de 22 ans. Depuis 1977, elle forme des praticiens et des enseignants dans 70 pays.<\/p>\n\n\n\n<p><a href=\"http:\/\/emfbalancingtechnique.com\/peggy\/origin_of_emfbt.php?phpLang=fr\"><strong>http:\/\/emfbalancingtechnique.com\/peggy\/origin_of_emfbt.php?phpLang=fr<\/strong><\/a><\/p>\n\n\n\n<p><\/p>\n\n\n\n<p><em><strong>EMF Balancing Technique \u00ae&nbsp;est \u00e9voqu\u00e9 au sein des publications suivantes:<\/strong><\/em><\/p>\n\n\n\n<ul><li>\u00ab&nbsp;Un monde de conscience&nbsp;\u00bb : Peggy Dubro \u2013 Editions Ariane<\/li><\/ul>\n\n\n\n<p><\/p>\n\n\n\n<figure class=\"wp-block-table\"><table><tbody><tr><td><strong>Dur\u00e9e d&#8217;une harmonisation EMF individuel<br><\/strong><\/td><td>60-70 min<\/td><\/tr><tr><td><strong>La phase ou session<\/strong><\/td><td>60 \u20ac<\/td><\/tr><\/tbody><\/table><\/figure>\n\n\n\n<h4 class=\"wp-block-heading\">M\u00e9thode :<\/h4>\n\n\n\n<p>Il existe treize phases dans le syst\u00e8me complet de l&#8217;EMF Balancing Technique, chaque phase \u00e9tant reli\u00e9e \u00e0 une session qui pr\u00e9sente une structure et une attention sp\u00e9cifiques. Dans chacune des quatre premi\u00e8res phases, le praticien r\u00e9alise une succession unique de mouvements Tai Chi gracieux pendant que le client repose enti\u00e8rement v\u00eatu sur une table de massage. Tous les mouvements sont accomplis dans l&#8217;Universal Calibration Lattice, un syst\u00e8me de l&#8217;anatomie \u00e9nerg\u00e9tique, qui s&#8217;\u00e9tend de l&#8217;\u00e9nergie centrale \u00e0 l&#8217;int\u00e9rieur du corps \u00e0 une zone approximative de 60 cms tout autour du corps physique. Quelques contacts l\u00e9gers avec les mains se font au niveau du corps physique, mais la majorit\u00e9 de la s\u00e9ance est r\u00e9alis\u00e9e sans toucher le client. La session \u00e9nerg\u00e9tique associ\u00e9e \u00e0 chaque phase facilite l&#8217;exp\u00e9rience de soi en tant qu&#8217;\u00eatre \u00e9nerg\u00e9tique, construisant les fondations pour une \u00e9volution de la conscience vers celle d&#8217;un \u00catre Evolutif en constante Emergence.<\/p>\n\n\n\n<p>Le Praticien EMF communique principalement par le langage non verbal de l&#8217;\u00e9nergie, transmis par l&#8217;interaction \u00e9nerg\u00e9tique d&#8217;humain \u00e0 humain tout au cours de la session. Les sch\u00e9mas de la session \u00e9tablissent une r\u00e9sonance et d\u00e9livrent au receveur de la session un message de force et de compl\u00e9tude. La plupart des mouvements sont accompagn\u00e9s d&#8217;intentions tr\u00e8s sp\u00e9cifiques d&#8217;encouragement et sont exprim\u00e9s par le praticien au client. Le receveur de la session r\u00e9pond toujours \u00e0 cette r\u00e9sonance en accord avec sa sagesse personnelle et unique. Chaque session s&#8217;adresse au coeur de l&#8217;individu, et est une invitation \u00e0 \u00e9voluer vers le prochain niveau de compl\u00e9tude (ou du &#8220;sacr\u00e9 en soi&#8221;!).<\/p>\n\n\n\n<h4 class=\"wp-block-heading\">Organisation des diverses sessions :<\/h4>\n\n\n\n<p>Elles s&#8217;effectuent principalement sur table. Cependant, elles peuvent tout autant \u00eatre r\u00e9alis\u00e9es sur une personne \u00e0 mobilit\u00e9 r\u00e9duite (la personne reste en fauteuil), \u00e0 distance par visio (skype ou what&#8217;app) ou encore par t\u00e9l\u00e9phone selon vos possibilit\u00e9s. Enfin, dans la mesure ou vous avez d\u00e9j\u00e0 effectu\u00e9 quelques s\u00e9ances d&#8217;harmonisations des champs \u00e9lectromagn\u00e9tiques, avec moi ou avec un autre praticien, vous pourrez b\u00e9n\u00e9ficier d&#8217;une s\u00e9ance \u00e0 distance dont nous aurons d\u00e9fini l&#8217;heure ensemble. Dans ce dernier cas, je vous expliquerais la proc\u00e9dure qui sera mise en place lors de la prise du rendez-vous.<\/p>\n\n\n\n<p><\/p>\n\n\n\n<p><strong><a href=\"http:\/\/brudizen.com\/index.php\/me-joindre\/\">-&gt; R\u00e9servez votre session d\u00e8s maintenant<\/a><\/strong><\/p>\n","protected":false},"excerpt":{"rendered":"<p>EMF BALANCING TECHNIQUE Un mod\u00e8le sophistiqu\u00e9 de travail de l\u2019\u00e9nergie. L\u2019&nbsp;EMF Balancing technique \u00ae, (Electro Magn\u00e9tic Field ou champ \u00e9lectromagn\u00e9tique) est la m\u00e9thode \u00e9nerg\u00e9tique con\u00e7ue pour travailler avec l\u2019Universal Calibration Lattice (U.C.L.), une partie de notre anatomie \u00e9nerg\u00e9tique humaine. La technique pr\u00e9sente une marche \u00e0 suivre structur\u00e9e&nbsp;et&nbsp;simple, que chacun peut apprendre, utilisant l\u2019effet d\u2019humain \u00e0 &hellip; <\/p>\n<p class=\"link-more\"><a href=\"https:\/\/brudizen.com\/index.php\/prestations\/harmonisation-des-champs-electromagnetiques\/\" class=\"more-link\">Continue reading<span class=\"screen-reader-text\"> &#8220;Harmonisation des champs \u00e9lectromagn\u00e9tiques&#8221;<\/span><\/a><\/p>\n","protected":false},"author":1,"featured_media":277,"parent":40,"menu_order":3,"comment_status":"closed","ping_status":"closed","template":"","meta":[],"_links":{"self":[{"href":"https:\/\/brudizen.com\/index.php\/wp-json\/wp\/v2\/pages\/103"}],"collection":[{"href":"https:\/\/brudizen.com\/index.php\/wp-json\/wp\/v2\/pages"}],"about":[{"href":"https:\/\/brudizen.com\/index.php\/wp-json\/wp\/v2\/types\/page"}],"author":[{"embeddable":true,"href":"https:\/\/brudizen.com\/index.php\/wp-json\/wp\/v2\/users\/1"}],"replies":[{"embeddable":true,"href":"https:\/\/brudizen.com\/index.php\/wp-json\/wp\/v2\/comments?post=103"}],"version-history":[{"count":32,"href":"https:\/\/brudizen.com\/index.php\/wp-json\/wp\/v2\/pages\/103\/revisions"}],"predecessor-version":[{"id":465,"href":"https:\/\/brudizen.com\/index.php\/wp-json\/wp\/v2\/pages\/103\/revisions\/465"}],"up":[{"embeddable":true,"href":"https:\/\/brudizen.com\/index.php\/wp-json\/wp\/v2\/pages\/40"}],"wp:featuredmedia":[{"embeddable":true,"href":"https:\/\/brudizen.com\/index.php\/wp-json\/wp\/v2\/media\/277"}],"wp:attachment":[{"href":"https:\/\/brudizen.com\/index.php\/wp-json\/wp\/v2\/media?parent=103"}],"curies":[{"name":"wp","href":"https:\/\/api.w.org\/{rel}","templated":true}]}}