{"id":105,"date":"2020-01-13T16:59:50","date_gmt":"2020-01-13T15:59:50","guid":{"rendered":"http:\/\/brudizen.com\/?page_id=105"},"modified":"2020-01-17T18:19:50","modified_gmt":"2020-01-17T17:19:50","slug":"phases-1-a-4","status":"publish","type":"page","link":"https:\/\/brudizen.com\/index.php\/prestations\/harmonisation-des-champs-electromagnetiques\/phases-1-a-4\/","title":{"rendered":"Phases 1 \u00e0 4"},"content":{"rendered":"\n<div class=\"wp-block-image\"><figure class=\"alignright size-large is-resized\"><img decoding=\"async\" loading=\"lazy\" src=\"http:\/\/brudizen.com\/wp-content\/uploads\/2020\/01\/symbol-with-stars-939x1024.jpeg\" alt=\"\" class=\"wp-image-150\" width=\"157\" height=\"170\" srcset=\"https:\/\/brudizen.com\/wp-content\/uploads\/2020\/01\/symbol-with-stars-939x1024.jpeg 939w, https:\/\/brudizen.com\/wp-content\/uploads\/2020\/01\/symbol-with-stars-275x300.jpeg 275w, https:\/\/brudizen.com\/wp-content\/uploads\/2020\/01\/symbol-with-stars-768x838.jpeg 768w, https:\/\/brudizen.com\/wp-content\/uploads\/2020\/01\/symbol-with-stars.jpeg 960w\" sizes=\"(max-width: 157px) 100vw, 157px\" \/><\/figure><\/div>\n\n\n\n<p><em>Ces phases sont : l&#8217;activation du treillis ou UCL (Universal Calibration Lattice) et harmonisation. Il s\u2019agit d\u2019\u00e9quilibrer notre capacit\u00e9 \u00e0 d\u00e9velopper notre potentiel en nous lib\u00e9rant des r\u00e9sistances, que nous sommes pr\u00eats \u00e0 lib\u00e9rer, qui nous lient au pass\u00e9\u00a0tout en \u00e9quilibrant notre rapport au monde entre ce que l\u2019on donne et ce que l\u2019on re\u00e7oit. Devenir acteur de sa vie\u2026<\/em><\/p>\n\n\n\n<p><strong><em>PHASE 1: &nbsp; &nbsp;Sagesse et Emotions, \u00e9quilibre entre t\u00eate et coeur<\/em><\/strong><\/p>\n\n\n\n<p>Cette session lib\u00e8re le stress et \u00e9tablit un nouveau&nbsp;sch\u00e9ma de libert\u00e9 et de bien-\u00eatre tout en apaisant le mental. En d\u00e9veloppant une meilleure harmonie entre la t\u00eate et le coeur,&nbsp;<strong>elle facilite l\u2019\u00e9coute de<\/strong>&nbsp;<strong>ses ressentis \u00e0 partir du coeur, et leur&nbsp;expression<\/strong>.&nbsp;<em>Ex: Se sentir moins \u00ab&nbsp;d\u00e9moli(e)&nbsp;\u00bb&nbsp;lors de difficult\u00e9s affectives, plus apte \u00e0 g\u00e9rer la situation v\u00e9cue<\/em>.<\/p>\n\n\n\n<p><strong><em>PHASE 2 : &nbsp;&nbsp; Auto-direction et &nbsp;auto-soutien<\/em><\/strong><\/p>\n\n\n\n<p>Lib\u00e9ration gracieuse des attaches du pass\u00e9 sans revivre les \u00e9motions douloureuses. &nbsp; Prise de conscience de l\u2019auto-direction (guidance du soi) et de l\u2019auto-soutien (autonomie, soutien du soi).&nbsp;<em>Ex: Oser aller \u00e0 la piscine seul(e) tout en se sentant bien dans sa nouvelle autonomie.<\/em><\/p>\n\n\n\n<p><strong><em>PHASE 3 : &nbsp; &nbsp;Rayonnement de l\u2019\u00e9nergie centrale<\/em><\/strong><\/p>\n\n\n\n<p>Renforcement de la ma\u00eetrise, la confiance en soi et l\u2019estime de soi. Centrage et int\u00e9gration de son plein pouvoir personnel. Encouragement du flux croissant de d\u00e9veloppement spirituel dans notre vie quotidienne.\u00a0<em>Ex: Etre davantage dans le respect de ce que l\u2019on veut \u00a0pour<\/em>\u00a0soi<em>\u2026\u00a0S\u2019affirmer enfin, commencer \u00e0 dire\u00a0\u00bb non\u00a0\u00bb.<\/em><\/p>\n\n\n\n<p><strong><em>PHASE 4 : &nbsp; &nbsp; Accomplissement \u00e9nerg\u00e9tique<\/em><\/strong><\/p>\n\n\n\n<p>Lib\u00e9rer l\u2019\u00e9nergie dans notre potentiel et fortifier notre lien avec le treillis cosmique pour renforcer notre pouvoir de co-cr\u00e9er notre vie. Affinement de l\u2019intuition et de la cr\u00e9ativit\u00e9.&nbsp;<em>Ex: se sentir pr\u00eat pour l\u2019aboutissement d\u2019un projet<\/em>.<\/p>\n\n\n\n<p>Les phases 1 \u00e0 4 peuvent alors \u00eatre choisies jumel\u00e9es&nbsp;&nbsp; (1 et 4), (1 et 2) ou (3 et 4) .<\/p>\n\n\n\n<p><strong><a href=\"http:\/\/brudizen.com\/index.php\/prestations\/harmonisation-des-champs-electromagnetiques\/phases-5-a-8\/\">-&gt; <em>D\u00e9tail de chacune des phases 5 \u00e0 8<\/em><\/a><\/strong><\/p>\n\n\n\n<p><strong><a href=\"http:\/\/brudizen.com\/index.php\/me-joindre\/\">-&gt; R\u00e9servez votre session d\u00e8s maintenant<\/a><\/strong><\/p>\n\n\n\n<p><\/p>\n","protected":false},"excerpt":{"rendered":"<p>Ces phases sont : l&#8217;activation du treillis ou UCL (Universal Calibration Lattice) et harmonisation. Il s\u2019agit d\u2019\u00e9quilibrer notre capacit\u00e9 \u00e0 d\u00e9velopper notre potentiel en nous lib\u00e9rant des r\u00e9sistances, que nous sommes pr\u00eats \u00e0 lib\u00e9rer, qui nous lient au pass\u00e9\u00a0tout en \u00e9quilibrant notre rapport au monde entre ce que l\u2019on donne et ce que l\u2019on re\u00e7oit. &hellip; <\/p>\n<p class=\"link-more\"><a href=\"https:\/\/brudizen.com\/index.php\/prestations\/harmonisation-des-champs-electromagnetiques\/phases-1-a-4\/\" class=\"more-link\">Continue reading<span class=\"screen-reader-text\"> &#8220;Phases 1 \u00e0 4&#8221;<\/span><\/a><\/p>\n","protected":false},"author":1,"featured_media":0,"parent":103,"menu_order":1,"comment_status":"closed","ping_status":"closed","template":"","meta":[],"_links":{"self":[{"href":"https:\/\/brudizen.com\/index.php\/wp-json\/wp\/v2\/pages\/105"}],"collection":[{"href":"https:\/\/brudizen.com\/index.php\/wp-json\/wp\/v2\/pages"}],"about":[{"href":"https:\/\/brudizen.com\/index.php\/wp-json\/wp\/v2\/types\/page"}],"author":[{"embeddable":true,"href":"https:\/\/brudizen.com\/index.php\/wp-json\/wp\/v2\/users\/1"}],"replies":[{"embeddable":true,"href":"https:\/\/brudizen.com\/index.php\/wp-json\/wp\/v2\/comments?post=105"}],"version-history":[{"count":7,"href":"https:\/\/brudizen.com\/index.php\/wp-json\/wp\/v2\/pages\/105\/revisions"}],"predecessor-version":[{"id":321,"href":"https:\/\/brudizen.com\/index.php\/wp-json\/wp\/v2\/pages\/105\/revisions\/321"}],"up":[{"embeddable":true,"href":"https:\/\/brudizen.com\/index.php\/wp-json\/wp\/v2\/pages\/103"}],"wp:attachment":[{"href":"https:\/\/brudizen.com\/index.php\/wp-json\/wp\/v2\/media?parent=105"}],"curies":[{"name":"wp","href":"https:\/\/api.w.org\/{rel}","templated":true}]}}