{"id":108,"date":"2020-01-13T17:03:33","date_gmt":"2020-01-13T16:03:33","guid":{"rendered":"http:\/\/brudizen.com\/?page_id=108"},"modified":"2020-01-17T18:23:15","modified_gmt":"2020-01-17T17:23:15","slug":"phases-5-a-8","status":"publish","type":"page","link":"https:\/\/brudizen.com\/index.php\/prestations\/harmonisation-des-champs-electromagnetiques\/phases-5-a-8\/","title":{"rendered":"Phases 5 \u00e0 8"},"content":{"rendered":"\n<div class=\"wp-block-image\"><figure class=\"alignright size-large is-resized\"><img decoding=\"async\" loading=\"lazy\" src=\"http:\/\/brudizen.com\/wp-content\/uploads\/2020\/01\/symbol-with-stars-939x1024.jpeg\" alt=\"\" class=\"wp-image-150\" width=\"154\" height=\"167\" srcset=\"https:\/\/brudizen.com\/wp-content\/uploads\/2020\/01\/symbol-with-stars-939x1024.jpeg 939w, https:\/\/brudizen.com\/wp-content\/uploads\/2020\/01\/symbol-with-stars-275x300.jpeg 275w, https:\/\/brudizen.com\/wp-content\/uploads\/2020\/01\/symbol-with-stars-768x838.jpeg 768w, https:\/\/brudizen.com\/wp-content\/uploads\/2020\/01\/symbol-with-stars.jpeg 960w\" sizes=\"(max-width: 154px) 100vw, 154px\" \/><\/figure><\/div>\n\n\n\n<p><em>Elles favorisent<\/em><em style=\"font-weight: bold;\"> <\/em><em>le renforcement de qualit\u00e9s ou de capacit\u00e9s int\u00e9rieures pour davantage de confiance en soi dans la vie quotidienne. Ces phases accentuent la prise de conscience de notre responsabilit\u00e9 dans ce qui nous arrive\u2026 Cr\u00e9ateur de sa vie.<\/em><\/p>\n\n\n\n<p><strong><em>PHASE 5 &nbsp;: &nbsp;&nbsp;Sch\u00e9ma de l\u2019Amour Infini<\/em><\/strong><\/p>\n\n\n\n<p>Vibration et r\u00e9sonance du sch\u00e9ma favorisant l\u2019ouverture du coeur. \u00a0Evolution dans sa ma\u00eetrise de qualit\u00e9s ou talents (appel\u00e9s attributs)\u00a0en harmonie avec sa sagesse et sa v\u00e9rit\u00e9 la plus profonde.\u00a0<em>Ex:<\/em>\u00a0<em>Affirmation de soi significative\u00a0\u2026. Surprenant parfois\u00a0notre<\/em>\u00a0<em>entourage.<\/em><\/p>\n\n\n\n<p><strong><em>PHASE 6 : &nbsp; &nbsp;Sch\u00e9ma de la Compassion Infinie<\/em><\/strong><\/p>\n\n\n\n<p>Vibration et r\u00e9sonance accrue dans son toucher physique, \u00e9volution de la ma\u00eetrise de qualit\u00e9s compl\u00e9mentaires.\u00a0<em>Mise en \u00e9veil de capacit\u00e9s en mati\u00e8re de\u00a0toucher, sensualit\u00e9\u2026\u00a0<\/em><\/p>\n\n\n\n<p><strong><em>PHASE 7 : &nbsp; &nbsp;Sch\u00e9ma de la Pr\u00e9sence Infinie<\/em><\/strong><\/p>\n\n\n\n<p>Int\u00e9gration de nos nuances de lumi\u00e8re personnelle. Vibration et r\u00e9sonance accrue de sa pr\u00e9sence physique dans la vie quotidienne, \u00e9volution et ma\u00eetrise de qualit\u00e9s additionnelles.\u00a0<em>Renforcement\u00a0de<\/em>\u00a0<em>son affirmation.<\/em><\/p>\n\n\n\n<p><strong><em>PHASE 8 : &nbsp; &nbsp;Sch\u00e9ma de la Sagesse Infinie<\/em><\/strong><\/p>\n\n\n\n<p>R\u00e9sonance de puissance, prise de conscience de sa ma\u00eetrise multidimensionnelle au sein de son Etre Infini.\u00a0<em>Renforcement des qualit\u00e9s de la ma\u00eetrise dans son quotidien<\/em>.<\/p>\n\n\n\n<p><a href=\"http:\/\/brudizen.com\/index.php\/prestations\/harmonisation-des-champs-electromagnetiques\/phases-9-a-12\/\">-&gt; <strong><em>D\u00e9tail de chacune des phases 9 \u00e0 12<\/em><\/strong><\/a><\/p>\n\n\n\n<p><strong><a href=\"http:\/\/brudizen.com\/index.php\/me-joindre\/\">-&gt; R\u00e9servez votre session d\u00e8s maintenant<\/a><\/strong><\/p>\n\n\n\n<p><\/p>\n","protected":false},"excerpt":{"rendered":"<p>Elles favorisent le renforcement de qualit\u00e9s ou de capacit\u00e9s int\u00e9rieures pour davantage de confiance en soi dans la vie quotidienne. Ces phases accentuent la prise de conscience de notre responsabilit\u00e9 dans ce qui nous arrive\u2026 Cr\u00e9ateur de sa vie. PHASE 5 &nbsp;: &nbsp;&nbsp;Sch\u00e9ma de l\u2019Amour Infini Vibration et r\u00e9sonance du sch\u00e9ma favorisant l\u2019ouverture du coeur. &hellip; <\/p>\n<p class=\"link-more\"><a href=\"https:\/\/brudizen.com\/index.php\/prestations\/harmonisation-des-champs-electromagnetiques\/phases-5-a-8\/\" class=\"more-link\">Continue reading<span class=\"screen-reader-text\"> &#8220;Phases 5 \u00e0 8&#8221;<\/span><\/a><\/p>\n","protected":false},"author":1,"featured_media":0,"parent":103,"menu_order":2,"comment_status":"closed","ping_status":"closed","template":"","meta":[],"_links":{"self":[{"href":"https:\/\/brudizen.com\/index.php\/wp-json\/wp\/v2\/pages\/108"}],"collection":[{"href":"https:\/\/brudizen.com\/index.php\/wp-json\/wp\/v2\/pages"}],"about":[{"href":"https:\/\/brudizen.com\/index.php\/wp-json\/wp\/v2\/types\/page"}],"author":[{"embeddable":true,"href":"https:\/\/brudizen.com\/index.php\/wp-json\/wp\/v2\/users\/1"}],"replies":[{"embeddable":true,"href":"https:\/\/brudizen.com\/index.php\/wp-json\/wp\/v2\/comments?post=108"}],"version-history":[{"count":7,"href":"https:\/\/brudizen.com\/index.php\/wp-json\/wp\/v2\/pages\/108\/revisions"}],"predecessor-version":[{"id":322,"href":"https:\/\/brudizen.com\/index.php\/wp-json\/wp\/v2\/pages\/108\/revisions\/322"}],"up":[{"embeddable":true,"href":"https:\/\/brudizen.com\/index.php\/wp-json\/wp\/v2\/pages\/103"}],"wp:attachment":[{"href":"https:\/\/brudizen.com\/index.php\/wp-json\/wp\/v2\/media?parent=108"}],"curies":[{"name":"wp","href":"https:\/\/api.w.org\/{rel}","templated":true}]}}