{"id":112,"date":"2020-01-13T17:07:51","date_gmt":"2020-01-13T16:07:51","guid":{"rendered":"http:\/\/brudizen.com\/?page_id=112"},"modified":"2020-01-17T18:03:34","modified_gmt":"2020-01-17T17:03:34","slug":"quest-ce-quune-phase-ou-session-demf","status":"publish","type":"page","link":"https:\/\/brudizen.com\/index.php\/prestations\/harmonisation-des-champs-electromagnetiques\/quest-ce-quune-phase-ou-session-demf\/","title":{"rendered":"Qu&#8217;est ce qu&#8217;une phase ou session d&#8217;EMF ?"},"content":{"rendered":"\n<div class=\"wp-block-image\"><figure class=\"alignleft size-large is-resized\"><img decoding=\"async\" loading=\"lazy\" src=\"http:\/\/brudizen.com\/wp-content\/uploads\/2020\/01\/UCL-French-official-729x1024.jpg\" alt=\"\" class=\"wp-image-152\" width=\"289\" height=\"405\" srcset=\"https:\/\/brudizen.com\/wp-content\/uploads\/2020\/01\/UCL-French-official-729x1024.jpg 729w, https:\/\/brudizen.com\/wp-content\/uploads\/2020\/01\/UCL-French-official-214x300.jpg 214w, https:\/\/brudizen.com\/wp-content\/uploads\/2020\/01\/UCL-French-official-768x1079.jpg 768w, https:\/\/brudizen.com\/wp-content\/uploads\/2020\/01\/UCL-French-official.jpg 883w\" sizes=\"(max-width: 289px) 100vw, 289px\" \/><\/figure><\/div>\n\n\n\n<p>Une session EMF Balancing technique \u00ae est une exp\u00e9rience de son champ d\u2019\u00e9nergie \u00e9lectromagn\u00e9tique et des sch\u00e9mas &nbsp;\u00e9nerg\u00e9tiques qui y sont inclus.<\/p>\n\n\n\n<p>Chaque session dure environ une heure. Le receveur est allong\u00e9 habill\u00e9, tandis que le praticien effectue une s\u00e9rie de manoeuvres ou mouvements dans le respect de son corps \u00e9nerg\u00e9tique. Dans la plupart des manoeuvres les mains du praticien passent \u00e0 30 ou 60 cm du corps dans les parties de l\u2019 Universal Calibration Lattice, appel\u00e9 U.C.L. ou treillis (structure qui entoure tout le corps) . A certains moments le praticien pose doucement ses mains sur certaines parties du corps du receveur, points \u00e9nerg\u00e9tiques appel\u00e9s chakras, pour faciliter la circulation de l\u2019\u00e9nergie.<\/p>\n\n\n\n<p><\/p>\n\n\n\n<p>Chaque session \u00a0active, \u00a0fortifie et harmonise l\u2019 U.C.L. du receveur. Cette harmonisation appel\u00e9e\u00a0\u00bb calibrage\u00a0\u00bb \u00a0s\u2019\u00e9tablit selon les besoins et le rythme du receveur, \u00a0nous disons \u00ab\u00a0suivant\u00a0sa sagesse int\u00e9rieure\u00a0\u00bb c\u2019est \u00e0 dire dans le respect des avanc\u00e9es que le receveur est capable de mettre en place. Exemples : le d\u00e9veloppement d\u2019une plus grande autonomie, confiance en soi ou changements personnels dans sa vie\u2026<\/p>\n\n\n\n<p><strong>Les sessions d \u2018EMF Balancing Technique\u00ae apportent des outils pour : <\/strong><\/p>\n\n\n\n<ul><li>Vivre davantage dans l\u2019instant pr\u00e9sent, apprendre \u00e0 accepter que la r\u00e9alit\u00e9 v\u00e9cue dans notre vie quotidienne, lorsqu\u2019elle nous d\u00e9range, \u00a0est le reflet d\u2019un travail int\u00e9rieur \u00e0 mettre en route. Reconna\u00eetre ses \u00e9motions\u2026 les conflits int\u00e9rieurs, accepter leur pr\u00e9sence comme t\u00e9moins d\u2019une \u00e9volution. Changer en douceur pour \u00eatre davantage en accord avec ses propres attentes, connues voire parfois inconnues puis mises en \u00e9veil au fur et \u00e0 mesure du parcours des sessions. D\u00e9velopper son autonomisation pour vivre des relations plus saines, plus claires, sans attente vis \u00e0 vis des autres ou de ses proches. Approcher \u00ab\u00a0qui l\u2019on est\u00a0\u00bb et s\u2019apporter soi m\u00eame les \u00ab\u00a0nourritures\u00a0\u00bb qui nous sont \u00a0n\u00e9cessaires pour faire grandir notre Moi int\u00e9rieur, Divinit\u00e9 int\u00e9rieure\u2026suivant\u00a0notre langage.\u00a0<\/li><\/ul>\n\n\n\n<p><strong>Plus simplement, que peuvent m\u2019apporter les phases d\u2019EMF Balancing Technique\u00ae<\/strong><\/p>\n\n\n\n<ul><li>un sentiment de d\u00e9tente, de mieux-\u00eatre\u2026de paix int\u00e9rieure, de joie de vivre<\/li><li>une meilleure compr\u00e9hension ou \u00e9coute de moi-m\u00eame, d\u00e9velopper l\u2019estime de Soi, favoriser le d\u00e9veloppement personnel<\/li><li>favoriser le d\u00e9veloppement de mon potentiel int\u00e9rieur, faire \u00e9merger de nouvelles capacit\u00e9s ou bien des capacit\u00e9s enfouies\u2026<\/li><li>meilleure capacit\u00e9 \u00e0 g\u00e9rer les situations de changement, avec plus de calme et de serennit\u00e9<\/li><li>mieux vivre des \u00e9venements douloureux<\/li><li>retrouver un sens \u00e0 sa vie, alimenter son ressenti int\u00e9rieur lui donner un sens\u2026<\/li><\/ul>\n\n\n\n<p><strong>COMMENT SE DEROULENT LES SESSIONS &nbsp;(ou PHASES) ?<\/strong><\/p>\n\n\n\n<p>Les sessions pour l\u2019harmonisation du champ \u00e9lectro magn\u00e9tique se d\u00e9roulent en \u00a0\u00e9tapes \u00e9volutives : \u00a0<a href=\"http:\/\/brudizen.com\/index.php\/prestations\/harmonisation-des-champs-electromagnetiques\/phases-1-a-4\/\" target=\"_blank\" rel=\"noreferrer noopener\" aria-label=\" (s\u2019ouvre dans un nouvel onglet)\">Les phases 1 \u00e0 4<\/a> \u00a0puis <a href=\"http:\/\/brudizen.com\/index.php\/prestations\/harmonisation-des-champs-electromagnetiques\/phases-5-a-8\/\">5 \u00e0 8<\/a> et enfin <a href=\"http:\/\/brudizen.com\/index.php\/prestations\/harmonisation-des-champs-electromagnetiques\/phases-9-a-12\/\">9 \u00e0 12<\/a> interagissent sp\u00e9cifiquement.<\/p>\n\n\n\n<p>Une fois re\u00e7ues il est possible de recevoir \u00e0 nouveau&nbsp;une ou plusieurs sessions suivant&nbsp;votre besoin, les \u00e9v\u00e8nements de la vie.<\/p>\n\n\n\n<p><strong><a href=\"http:\/\/brudizen.com\/index.php\/me-joindre\/\">-&gt; R\u00e9servez votre session d\u00e8s maintenant<\/a><\/strong><\/p>\n","protected":false},"excerpt":{"rendered":"<p>Une session EMF Balancing technique \u00ae est une exp\u00e9rience de son champ d\u2019\u00e9nergie \u00e9lectromagn\u00e9tique et des sch\u00e9mas &nbsp;\u00e9nerg\u00e9tiques qui y sont inclus. Chaque session dure environ une heure. Le receveur est allong\u00e9 habill\u00e9, tandis que le praticien effectue une s\u00e9rie de manoeuvres ou mouvements dans le respect de son corps \u00e9nerg\u00e9tique. Dans la plupart des &hellip; <\/p>\n<p class=\"link-more\"><a href=\"https:\/\/brudizen.com\/index.php\/prestations\/harmonisation-des-champs-electromagnetiques\/quest-ce-quune-phase-ou-session-demf\/\" class=\"more-link\">Continue reading<span class=\"screen-reader-text\"> &#8220;Qu&#8217;est ce qu&#8217;une phase ou session d&#8217;EMF ?&#8221;<\/span><\/a><\/p>\n","protected":false},"author":1,"featured_media":0,"parent":103,"menu_order":0,"comment_status":"closed","ping_status":"closed","template":"","meta":[],"_links":{"self":[{"href":"https:\/\/brudizen.com\/index.php\/wp-json\/wp\/v2\/pages\/112"}],"collection":[{"href":"https:\/\/brudizen.com\/index.php\/wp-json\/wp\/v2\/pages"}],"about":[{"href":"https:\/\/brudizen.com\/index.php\/wp-json\/wp\/v2\/types\/page"}],"author":[{"embeddable":true,"href":"https:\/\/brudizen.com\/index.php\/wp-json\/wp\/v2\/users\/1"}],"replies":[{"embeddable":true,"href":"https:\/\/brudizen.com\/index.php\/wp-json\/wp\/v2\/comments?post=112"}],"version-history":[{"count":11,"href":"https:\/\/brudizen.com\/index.php\/wp-json\/wp\/v2\/pages\/112\/revisions"}],"predecessor-version":[{"id":314,"href":"https:\/\/brudizen.com\/index.php\/wp-json\/wp\/v2\/pages\/112\/revisions\/314"}],"up":[{"embeddable":true,"href":"https:\/\/brudizen.com\/index.php\/wp-json\/wp\/v2\/pages\/103"}],"wp:attachment":[{"href":"https:\/\/brudizen.com\/index.php\/wp-json\/wp\/v2\/media?parent=112"}],"curies":[{"name":"wp","href":"https:\/\/api.w.org\/{rel}","templated":true}]}}