{"id":115,"date":"2020-01-13T17:10:20","date_gmt":"2020-01-13T16:10:20","guid":{"rendered":"http:\/\/brudizen.com\/?page_id=115"},"modified":"2020-01-17T18:26:34","modified_gmt":"2020-01-17T17:26:34","slug":"phases-9-a-12","status":"publish","type":"page","link":"https:\/\/brudizen.com\/index.php\/prestations\/harmonisation-des-champs-electromagnetiques\/phases-9-a-12\/","title":{"rendered":"Phases 9 \u00e0 12"},"content":{"rendered":"\n<div class=\"wp-block-image\"><figure class=\"alignright size-large is-resized\"><img decoding=\"async\" loading=\"lazy\" src=\"http:\/\/brudizen.com\/wp-content\/uploads\/2020\/01\/symbol-with-stars-939x1024.jpeg\" alt=\"\" class=\"wp-image-150\" width=\"145\" height=\"157\" srcset=\"https:\/\/brudizen.com\/wp-content\/uploads\/2020\/01\/symbol-with-stars-939x1024.jpeg 939w, https:\/\/brudizen.com\/wp-content\/uploads\/2020\/01\/symbol-with-stars-275x300.jpeg 275w, https:\/\/brudizen.com\/wp-content\/uploads\/2020\/01\/symbol-with-stars-768x838.jpeg 768w, https:\/\/brudizen.com\/wp-content\/uploads\/2020\/01\/symbol-with-stars.jpeg 960w\" sizes=\"(max-width: 145px) 100vw, 145px\" \/><\/figure><\/div>\n\n\n\n<p><em>Ces phases sont l&#8217;affirmation de notre potentiel de co-cr\u00e9ateur et mise en pratique de celui-ci en terme de ressources personnelles. Il s\u2019agit de d\u00e9couvrir notre propre capacit\u00e9 \u00e0 g\u00e9n\u00e9rer les relations que nous souhaitons mettre en place\u2026.faire \u00e9merger notre potentiel \u00e9volutionnaire !! \u00a0Un autre regard sur nos relations par ce troisi\u00e8me treillis\u2026.<\/em><\/p>\n\n\n\n<p><strong><em>PHASE 9 : &nbsp; &nbsp;Sch\u00e9ma de l\u2019humanit\u00e9 universelle<\/em><\/strong><\/p>\n\n\n\n<p>Acceptation d\u2019une plus grande &nbsp;responsabilit\u00e9 de nos &nbsp;pens\u00e9es, paroles, \u00e9motions et actions au sein de notre vie quotidienne. Prise de conscience de notre pleine capacit\u00e9 \u00e0 co-cr\u00e9er nos relations dans notre univers.<\/p>\n\n\n\n<p><strong><em>PHASE 10 : &nbsp; &nbsp;Sch\u00e9ma du ou des Parents universels<\/em><\/strong><\/p>\n\n\n\n<p>Activation \u00a0et int\u00e9gration de la r\u00e9sonance de ces aspects, en soi. Il s\u2019agit d\u2019associer les concepts du &#8220;Je&#8221;\u00a0Infini en soi et du &#8220;Je&#8221; Individuel en soi, le\u00a0sch\u00e9ma du ou des parents Universels repr\u00e9sente alors une source d\u2019amour infini pour devenir son propre parent universel. \u00a0Apport d\u2019une harmonie et d\u2019un sentiment de compl\u00e9tude.<\/p>\n\n\n\n<p><strong><em>PHASE 11 : &nbsp; &nbsp;Sch\u00e9ma du Partenaire ou Bien Aim\u00e9 universel<\/em><\/strong><\/p>\n\n\n\n<p>Activation et int\u00e9gration de la r\u00e9sonance d\u2019un partenariat int\u00e9rieur, \u00e9quilibre entre le f\u00e9minin et le masculin : source de s\u00e9curit\u00e9, paix et joie pour soi m\u00eame.<\/p>\n\n\n\n<p><strong><em>PHASE 12 : &nbsp; &nbsp;Sch\u00e9ma de l\u2019Evolutionnaire en Emergence<\/em><\/strong><\/p>\n\n\n\n<p>Int\u00e9gration de la r\u00e9sonance d\u2019\u00eatre son propre Evolutionnaire en Emergence : \u00e9tat de conscience et de bien-\u00eatre pour soi m\u00eame. Vous \u00eates devenu un Nouvel Humain qui oeuvre pour la transformation de l\u2019\u00e9nergie sur la Terre !<\/p>\n\n\n\n<p><a href=\"http:\/\/brudizen.com\/index.php\/prestations\/harmonisation-des-champs-electromagnetiques\/phase-13\/\">-&gt; <em><strong>Consultez la derni\u00e8re phase (N\u00b0 13)<\/strong><\/em><\/a><\/p>\n\n\n\n<p><strong><a href=\"http:\/\/brudizen.com\/index.php\/me-joindre\/\">-&gt; R\u00e9servez votre session d\u00e8s maintenant<\/a><\/strong><\/p>\n","protected":false},"excerpt":{"rendered":"<p>Ces phases sont l&#8217;affirmation de notre potentiel de co-cr\u00e9ateur et mise en pratique de celui-ci en terme de ressources personnelles. Il s\u2019agit de d\u00e9couvrir notre propre capacit\u00e9 \u00e0 g\u00e9n\u00e9rer les relations que nous souhaitons mettre en place\u2026.faire \u00e9merger notre potentiel \u00e9volutionnaire !! \u00a0Un autre regard sur nos relations par ce troisi\u00e8me treillis\u2026. PHASE 9 : &hellip; <\/p>\n<p class=\"link-more\"><a href=\"https:\/\/brudizen.com\/index.php\/prestations\/harmonisation-des-champs-electromagnetiques\/phases-9-a-12\/\" class=\"more-link\">Continue reading<span class=\"screen-reader-text\"> &#8220;Phases 9 \u00e0 12&#8221;<\/span><\/a><\/p>\n","protected":false},"author":1,"featured_media":0,"parent":103,"menu_order":3,"comment_status":"closed","ping_status":"closed","template":"","meta":[],"_links":{"self":[{"href":"https:\/\/brudizen.com\/index.php\/wp-json\/wp\/v2\/pages\/115"}],"collection":[{"href":"https:\/\/brudizen.com\/index.php\/wp-json\/wp\/v2\/pages"}],"about":[{"href":"https:\/\/brudizen.com\/index.php\/wp-json\/wp\/v2\/types\/page"}],"author":[{"embeddable":true,"href":"https:\/\/brudizen.com\/index.php\/wp-json\/wp\/v2\/users\/1"}],"replies":[{"embeddable":true,"href":"https:\/\/brudizen.com\/index.php\/wp-json\/wp\/v2\/comments?post=115"}],"version-history":[{"count":7,"href":"https:\/\/brudizen.com\/index.php\/wp-json\/wp\/v2\/pages\/115\/revisions"}],"predecessor-version":[{"id":324,"href":"https:\/\/brudizen.com\/index.php\/wp-json\/wp\/v2\/pages\/115\/revisions\/324"}],"up":[{"embeddable":true,"href":"https:\/\/brudizen.com\/index.php\/wp-json\/wp\/v2\/pages\/103"}],"wp:attachment":[{"href":"https:\/\/brudizen.com\/index.php\/wp-json\/wp\/v2\/media?parent=115"}],"curies":[{"name":"wp","href":"https:\/\/api.w.org\/{rel}","templated":true}]}}