{"id":136,"date":"2020-01-13T17:38:29","date_gmt":"2020-01-13T16:38:29","guid":{"rendered":"http:\/\/brudizen.com\/?page_id=136"},"modified":"2020-01-25T15:57:45","modified_gmt":"2020-01-25T14:57:45","slug":"136-2","status":"publish","type":"page","link":"https:\/\/brudizen.com\/index.php\/qui-suis-je\/136-2\/","title":{"rendered":"Mon parcours"},"content":{"rendered":"\n<ul><li><strong>Massage&nbsp;Ayurv\u00e9dique (Janvier 2010) <\/strong>&#8211; <strong>Centre Yoga &amp; Shiatsu<\/strong> <strong>Roland SAN SALVADORE<\/strong> <strong>&#8211; Paris<\/strong><br><br>&#8211; Formation enseign\u00e9e par Gina de Brito par l&#8217;art du toucher<\/li><\/ul>\n\n\n\n<ul><li><strong>Massage&nbsp;Ayurv\u00e9dique technique authentique (Octobre 2012) \u2013 New Delhi (Inde)<\/strong><br><br>&#8211; Formation au Centre CLAIRE&#8217;S AYURVEDIC HEALTH CARE, sur diverses techniques r\u00e9alis\u00e9s en Inde<\/li><\/ul>\n\n\n\n<ul><li><strong>Les Points de KNAP (D\u00e9cembre 2012) &#8211; Paris<\/strong><br><br>&#8211; Formation enseign\u00e9 par Jean-Claude Second\u00e9 osth\u00e9opathe, par technique de &#8220;massage&#8221; de certains points du corps : points knap<br>&#8211; R\u00e9flexologie du thorax et du dos<br>&#8211; R\u00e9flexologie de toutes les articulations et du visage<br>&#8211; R\u00e9flexologie du dos par les points de Knap<br>&#8211; Tous les gestes pour d\u00e9tendre le dos suivant la localisation douloureuse<br>&#8211; D\u00e9blocage des tensions musculaires et articulaires du dos, des bras, des jambes<br>&#8211; R\u00e9solution des contractures, entorses anciennes, douleurs du genou, de la hanche, de l\u2019\u00e9paule<\/li><\/ul>\n\n\n\n<ul><li><strong>Massage au Bol KANSU (Janvier 2013)&nbsp;<\/strong>&#8211; <strong>Paris<\/strong><br><br>&#8211; Formation enseign\u00e9 au Centre Tapovan<\/li><\/ul>\n\n\n\n<ul><li><strong>D\u00e9veloppement de nos facult\u00e9s psychiques et spirituelles (F\u00e9vrier 2018<\/strong>) <strong>&#8211;<\/strong> <strong>Paris<\/strong><br>Ateliers d\u00e9butants de Serge BOUTBOUL<br><br>&#8211; Chacun d\u2019entre nous peut ouvrir, \u00e9veiller et affiner ses facult\u00e9s psychiques et spirituelles, pour acc\u00e9der \u00e0 des mondes au-del\u00e0 de la r\u00e9alit\u00e9 ordinaire. Il s\u2019agit avant tout de d\u00e9ployer l\u2019\u00eatre spirituel que nous sommes avec toutes nos facult\u00e9s subtiles. Ainsi, en lien avec les plans sup\u00e9rieurs, nous r\u00e9pondons au mieux \u00e0 notre mission spirituelle et nous am\u00e9liorons notre vie et celles de ceux qui nous sont confi\u00e9s.<br>&#8211; Les conf\u00e9rences et ateliers d\u00e9veloppent ces sujets et sont essentiellement pratiques.<br>&#8211; A chaque s\u00e9ance, nous abordons un ensemble de th\u00e8mes tels que l\u2019ouverture du ressenti, de l\u2019\u00e9nergie, l\u2019utilisation du magn\u00e9tisme, le d\u00e9veloppement de notre clairvoyance, le travail \u00e0 distance, etc&#8230;<\/li><\/ul>\n\n\n\n<ul><li><strong>MASSAGE INTENSIVE SLIMMING THERAPY (AVRIL 2018)<\/strong> <strong>&#8211; Paris<\/strong><br><br>&#8211; Con\u00e7u et enseign\u00e9 par Franck ALEXIS sp\u00e9cialiste des massages du monde concepteur de protocole et psycho somatoth\u00e9rapeute (gu\u00e9rir l\u2019esprit par le corps)<\/li><\/ul>\n\n\n\n<ul><li><strong>MODELAGE VISAGE JAPONAIS (MAI 2018) &#8211; Paris<\/strong><br><br>&#8211; Formation enseign\u00e9 par Hung-Min CHAO<br>&#8211; Massage sp\u00e9cial visage anti-rides ancestral venu du Japon, il stimule l\u2019ensemble de la circulation \u00e9nerg\u00e9tique du visage et du cou. Il est encore aujourd\u2019hui l\u2019un des plus efficaces produits de beaut\u00e9&nbsp;: des muscles souples et toniques, une peau purifi\u00e9e au teint \u00e9clatant. Sa pratique r\u00e9guli\u00e8re permet de prolonger ou de retrouver la jeunesse du visage.<br><br>&#8211; <strong>Un rajeunissement :<\/strong><br>   Diminution des rides<br>   Tonification musculaire<br>   Assouplissement de la peau<br>   D\u00e9tente et relaxation<br>   Am\u00e9lioration de la circulation<br><br>&#8211; <strong>Un entretien complet :<\/strong><br>   S\u2019appuyant sur la m\u00e9decine traditionnelle japonaise, ce modelage utilise les principes des m\u00e9ridiens et tsubos (points m\u00e9ridiens) pour am\u00e9liorer la circulation \u00e9nerg\u00e9tique dans le visage et lib\u00e9rer les tensions musculaires qui favorisent les rides. Pour amener le visage \u00e0 cet \u00e9tat de repos, cette m\u00e9thode ancestrale encha\u00eene diff\u00e9rentes phases qui travaillent sur plusieurs plans&nbsp;: purification, hydratation, tonification, \u00e9limination.  <br>   Un Visage d\u00e9tendu en une heure et une quarantaine de techniques. Il alterne pressions digitales, percussions et mouvements gliss\u00e9s sur la nuque, le cou, le visage et les \u00e9paules. La peau du visage est assouplie et tonifi\u00e9e.<\/li><\/ul>\n\n\n\n<ul><li><strong>EMF Balancing Technique (F\u00e9vrier et Mars 2018) avec Ang\u00e9lique &#8211; Paris<\/strong><br><br><a href=\"http:\/\/brudizen.com\/index.php\/prestations\/harmonisation-des-champs-electromagnetiques\/phases-1-a-4\/\">Technique d&#8217;harmonisation des champs \u00c9lectromagn\u00e9tiques (Phases 1 \u00e0 4)<\/a>.<\/li><\/ul>\n\n\n\n<ul><li><strong>EMF Balancing Technique (D\u00e9cembre 2018) avec Eva &#8211; Bruxelles<\/strong><br><br><a href=\"http:\/\/brudizen.com\/index.php\/prestations\/harmonisation-des-champs-electromagnetiques\/phases-5-a-8\/\">Technique d&#8217;harmonisation des champs \u00c9lectromagn\u00e9tiques (Phases 5 \u00e0 8)<\/a><\/li><\/ul>\n\n\n\n<ul><li><strong>EMF Balancing Technique (Octobre 2019) avec Eva &#8211; Bruxelles<\/strong><br><br><a href=\"http:\/\/brudizen.com\/index.php\/prestations\/harmonisation-des-champs-electromagnetiques\/phases-9-a-12\/\">Technique d&#8217;harmonisation des champs \u00c9lectromagn\u00e9tiques (Phases 9 \u00e0 13)<\/a>.<\/li><\/ul>\n\n\n\n<p><\/p>\n","protected":false},"excerpt":{"rendered":"<p>Massage&nbsp;Ayurv\u00e9dique (Janvier 2010) &#8211; Centre Yoga &amp; Shiatsu Roland SAN SALVADORE &#8211; Paris &#8211; Formation enseign\u00e9e par Gina de Brito par l&#8217;art du toucher Massage&nbsp;Ayurv\u00e9dique technique authentique (Octobre 2012) \u2013 New Delhi (Inde) &#8211; Formation au Centre CLAIRE&#8217;S AYURVEDIC HEALTH CARE, sur diverses techniques r\u00e9alis\u00e9s en Inde Les Points de KNAP (D\u00e9cembre 2012) &#8211; Paris &hellip; <\/p>\n<p class=\"link-more\"><a href=\"https:\/\/brudizen.com\/index.php\/qui-suis-je\/136-2\/\" class=\"more-link\">Continue reading<span class=\"screen-reader-text\"> &#8220;Mon parcours&#8221;<\/span><\/a><\/p>\n","protected":false},"author":1,"featured_media":0,"parent":37,"menu_order":1,"comment_status":"closed","ping_status":"closed","template":"","meta":[],"_links":{"self":[{"href":"https:\/\/brudizen.com\/index.php\/wp-json\/wp\/v2\/pages\/136"}],"collection":[{"href":"https:\/\/brudizen.com\/index.php\/wp-json\/wp\/v2\/pages"}],"about":[{"href":"https:\/\/brudizen.com\/index.php\/wp-json\/wp\/v2\/types\/page"}],"author":[{"embeddable":true,"href":"https:\/\/brudizen.com\/index.php\/wp-json\/wp\/v2\/users\/1"}],"replies":[{"embeddable":true,"href":"https:\/\/brudizen.com\/index.php\/wp-json\/wp\/v2\/comments?post=136"}],"version-history":[{"count":61,"href":"https:\/\/brudizen.com\/index.php\/wp-json\/wp\/v2\/pages\/136\/revisions"}],"predecessor-version":[{"id":402,"href":"https:\/\/brudizen.com\/index.php\/wp-json\/wp\/v2\/pages\/136\/revisions\/402"}],"up":[{"embeddable":true,"href":"https:\/\/brudizen.com\/index.php\/wp-json\/wp\/v2\/pages\/37"}],"wp:attachment":[{"href":"https:\/\/brudizen.com\/index.php\/wp-json\/wp\/v2\/media?parent=136"}],"curies":[{"name":"wp","href":"https:\/\/api.w.org\/{rel}","templated":true}]}}