{"id":188,"date":"2020-01-14T17:13:25","date_gmt":"2020-01-14T16:13:25","guid":{"rendered":"http:\/\/brudizen.com\/?page_id=188"},"modified":"2020-01-17T18:28:47","modified_gmt":"2020-01-17T17:28:47","slug":"phase-13","status":"publish","type":"page","link":"https:\/\/brudizen.com\/index.php\/prestations\/harmonisation-des-champs-electromagnetiques\/phase-13\/","title":{"rendered":"Phase 13"},"content":{"rendered":"\n<div class=\"wp-block-image\"><figure class=\"alignright size-large is-resized\"><img decoding=\"async\" loading=\"lazy\" src=\"http:\/\/brudizen.com\/wp-content\/uploads\/2020\/01\/symbol-with-stars-939x1024.jpeg\" alt=\"\" class=\"wp-image-150\" width=\"160\" height=\"174\" srcset=\"https:\/\/brudizen.com\/wp-content\/uploads\/2020\/01\/symbol-with-stars-939x1024.jpeg 939w, https:\/\/brudizen.com\/wp-content\/uploads\/2020\/01\/symbol-with-stars-275x300.jpeg 275w, https:\/\/brudizen.com\/wp-content\/uploads\/2020\/01\/symbol-with-stars-768x838.jpeg 768w, https:\/\/brudizen.com\/wp-content\/uploads\/2020\/01\/symbol-with-stars.jpeg 960w\" sizes=\"(max-width: 160px) 100vw, 160px\" \/><\/figure><\/div>\n\n\n\n<p><em>La Voie de l&#8217;\u00catre en Evolution. <\/em><\/p>\n\n\n\n<p>Nous vivons une \u00e9poque de grands changements, personnellement et collectivement. Cette p\u00e9riode de transformation nous pr\u00e9sente une occasion en or d&#8217;\u00e9voluer au-del\u00e0 de nos limites actuelles.<\/p>\n\n\n\n<p>Si nous continuons \u00e0 faire les choses que nous avons toujours faites, nous continuerons \u00e0 cr\u00e9er les m\u00eames r\u00e9sultats. Choisissez-vous d&#8217;embrasser votre processus \u00e9volutionnaire ou choisissez-vous de rester le m\u00eame? Il y a un endroit, un syst\u00e8me r\u00e9el au sein de votre conscience, o\u00f9 la logique et le potentiel infini fusionnent pour cr\u00e9er une r\u00e9alit\u00e9 plus grande, emplie de possibilit\u00e9s accessibles. La session de la Phase XIII est une vaste combinaison de l&#8217;ensemble des douze phases de l&#8217;EMF Balancing Technique\u00ae.<\/p>\n\n\n\n<p>Cette session est l&#8217;Alpha et l&#8217;Omega, le d\u00e9but et la fin de ce travail \u00e9volutionnaire consid\u00e9rable pratiqu\u00e9 dans le monde entier. Vos pens\u00e9es, vos paroles, vos actions, vos \u00e9motions cr\u00e9ent des charges \u00e9nerg\u00e9tiques qui d\u00e9terminent les caract\u00e9ristiques de votre vie. Dans la sagesse et la joie, prenez en charge votre r\u00e9alit\u00e9 &#8230; et vous vous retrouverez souriant encore plus !<\/p>\n\n\n\n<p><strong><a href=\"http:\/\/brudizen.com\/index.php\/me-joindre\/\">-&gt; R\u00e9servez votre session d\u00e8s maintenant<\/a><\/strong><\/p>\n","protected":false},"excerpt":{"rendered":"<p>La Voie de l&#8217;\u00catre en Evolution. Nous vivons une \u00e9poque de grands changements, personnellement et collectivement. Cette p\u00e9riode de transformation nous pr\u00e9sente une occasion en or d&#8217;\u00e9voluer au-del\u00e0 de nos limites actuelles. Si nous continuons \u00e0 faire les choses que nous avons toujours faites, nous continuerons \u00e0 cr\u00e9er les m\u00eames r\u00e9sultats. Choisissez-vous d&#8217;embrasser votre processus &hellip; <\/p>\n<p class=\"link-more\"><a href=\"https:\/\/brudizen.com\/index.php\/prestations\/harmonisation-des-champs-electromagnetiques\/phase-13\/\" class=\"more-link\">Continue reading<span class=\"screen-reader-text\"> &#8220;Phase 13&#8221;<\/span><\/a><\/p>\n","protected":false},"author":1,"featured_media":0,"parent":103,"menu_order":4,"comment_status":"closed","ping_status":"closed","template":"","meta":[],"_links":{"self":[{"href":"https:\/\/brudizen.com\/index.php\/wp-json\/wp\/v2\/pages\/188"}],"collection":[{"href":"https:\/\/brudizen.com\/index.php\/wp-json\/wp\/v2\/pages"}],"about":[{"href":"https:\/\/brudizen.com\/index.php\/wp-json\/wp\/v2\/types\/page"}],"author":[{"embeddable":true,"href":"https:\/\/brudizen.com\/index.php\/wp-json\/wp\/v2\/users\/1"}],"replies":[{"embeddable":true,"href":"https:\/\/brudizen.com\/index.php\/wp-json\/wp\/v2\/comments?post=188"}],"version-history":[{"count":4,"href":"https:\/\/brudizen.com\/index.php\/wp-json\/wp\/v2\/pages\/188\/revisions"}],"predecessor-version":[{"id":326,"href":"https:\/\/brudizen.com\/index.php\/wp-json\/wp\/v2\/pages\/188\/revisions\/326"}],"up":[{"embeddable":true,"href":"https:\/\/brudizen.com\/index.php\/wp-json\/wp\/v2\/pages\/103"}],"wp:attachment":[{"href":"https:\/\/brudizen.com\/index.php\/wp-json\/wp\/v2\/media?parent=188"}],"curies":[{"name":"wp","href":"https:\/\/api.w.org\/{rel}","templated":true}]}}