{"id":193,"date":"2020-01-14T17:21:04","date_gmt":"2020-01-14T16:21:04","guid":{"rendered":"http:\/\/brudizen.com\/?page_id=193"},"modified":"2020-05-22T12:58:32","modified_gmt":"2020-05-22T10:58:32","slug":"le-massage-japonais-kobido-special-visage","status":"publish","type":"page","link":"https:\/\/brudizen.com\/index.php\/prestations\/massage-ayurvedique-et-energetique\/le-massage-japonais-kobido-special-visage\/","title":{"rendered":"Le Massage Japonais (Kobido) sp\u00e9cial visage"},"content":{"rendered":"\n<div class=\"wp-block-image\"><figure class=\"alignleft size-large is-resized\"><img decoding=\"async\" loading=\"lazy\" src=\"http:\/\/brudizen.com\/wp-content\/uploads\/2020\/01\/Capture-d\u2019\u00e9cran-2020-01-16-\u00e0-11.24.20.png\" alt=\"\" class=\"wp-image-230\" width=\"227\" height=\"170\"\/><\/figure><\/div>\n\n\n\n<p><strong>Kobido<\/strong>&nbsp;n\u2019est pas la traduction de \u00ab&nbsp;massage japonais&nbsp;\u00bb mais signifie&nbsp;<strong>\u00ab&nbsp;ancienne voie de beaut\u00e9&nbsp;\u00bb<\/strong>. La marque a \u00e9t\u00e9 d\u00e9pos\u00e9e en France fin 2015. Toutefois, celle-ci n\u2019\u00e9tant pas encore enregistr\u00e9e, les professionnels qui pratiquent le Kobido peuvent encore en utiliser le nom. Dans de nombreux pays dont l&#8217;Espagne, Kobido est une marque d\u00e9pos\u00e9e.<\/p>\n\n\n\n<p>Le \u00ab&nbsp;Kobido&nbsp;\u00bb est un m\u00e9lange harmonieux de massage \u00ab&nbsp;Amma&nbsp;\u00bb et d\u2019acupressure, il vise \u00e0 procurer d\u00e9tente et relaxation au curiste. Il sert \u00e9galement \u00e0 fluidifier la circulation \u00e9nerg\u00e9tique et sanguine du visage mais aussi de tout l\u2019organisme. Il permet de lib\u00e9rer les tensions musculaires dans le but de rendre sa souplesse et son \u00e9lasticit\u00e9 \u00e0 la peau. Pratiqu\u00e9 r\u00e9guli\u00e8rement le \u00ab&nbsp;Kobido&nbsp;\u00bb est \u00e0 m\u00eame de rajeunir le visage d\u2019un individu !!!<\/p>\n\n\n\n<h2 class=\"wp-block-heading\">Qu&#8217;est ce qui le diff\u00e9rencie des autres massages ?<\/h2>\n\n\n\n<div class=\"wp-block-image\"><figure class=\"alignright size-large\"><img decoding=\"async\" src=\"http:\/\/brudizen.com\/wp-content\/uploads\/2020\/01\/Capture-d\u2019\u00e9cran-2020-01-16-\u00e0-11.24.56.png\" alt=\"\" class=\"wp-image-232\"\/><\/figure><\/div>\n\n\n\n<p>&#8220;Kobido&#8221; est plus qu\u2019un massage. C\u2019est un art traditionnel qui repose sur une grande rigueur. Cependant, il y a des ressemblances avec les massages dits \u00ab&nbsp;profonds&nbsp;\u00bb, qui agissent jusqu\u2019au niveau des muscles. Extr\u00eamement complexe, il est bas\u00e9 sur plus d\u2019un millier de techniques, qui sont divis\u00e9es en 48 phases. Dans chacune d\u2019entre elles, plusieurs variantes sont propos\u00e9es en fonction de la partie du visage sur laquelle elles sont appliqu\u00e9es. Je les r\u00e9alise avec une huile v\u00e9g\u00e9tale de rose musqu\u00e9e afin de garder un contact \u00e9troit avec les tissus. <\/p>\n\n\n\n<p>Pendant le massage, le visage re\u00e7oit un encha\u00eenement de gestes synchronis\u00e9s (lissages, p\u00e9trissages, percussions, vibrations, etc\u2026) qui a tout d\u2019une chor\u00e9graphie de ballet ! Un c\u00f4t\u00e9 de visage est travaill\u00e9, puis l\u2019autre. Selon l\u2019intensit\u00e9 et la vitesse \u00e0 laquelle les gestes sont r\u00e9alis\u00e9s, l\u2019action sur les structures du visage est plus ou moins profonde, le but de la s\u00e9ance \u00e9tant de provoquer un v\u00e9ritable effet \u00ab&nbsp;lifting&nbsp;\u00bb du visage. Apr\u00e8s, comme l\u2019indique le protocole &#8220;Kobido&#8221;, qui doit \u00eatre suivi dans les r\u00e8gles de l\u2019art, se succ\u00e8dent des points d\u2019acupression. L\u2019utilisation des points situ\u00e9s le long des m\u00e9ridiens fait partie du protocole, la pression de ces points sert \u00e0 relancer l&#8217;\u00e9nergie vitale qui fait d\u00e9faut \u00e0 certains endroits du visage. Cela permet notamment d\u2019aider \u00e0 soulager la douleur, de limiter les m\u00e9faits du stress, de lutter contre la fatigue, l\u2019anxi\u00e9t\u00e9 et les troubles nerveux. Enfin, de retrouver une bonne qualit\u00e9 de sommeil.<\/p>\n\n\n\n<p>On se rel\u00e8ve de la table de massage avec la sensation d\u2019une peau tr\u00e8s ferme, comme \u00abinject\u00e9e\u00bb et des muscles bien pr\u00e9sents. Le \u00ab&nbsp;Kobido&nbsp;\u00bb s\u2019adresse aux visages fatigu\u00e9s et vieillis. Ce massage ne para\u00eet pas essentiel avant 30 ans, il n&#8217;en reste pas moins efficace \u00e0 tout \u00e2ge.<\/p>\n\n\n\n<h2 class=\"wp-block-heading\">Qu&#8217;en attendons-nous ?<\/h2>\n\n\n\n<div class=\"wp-block-image\"><figure class=\"alignleft size-large\"><img decoding=\"async\" src=\"http:\/\/brudizen.com\/wp-content\/uploads\/2020\/01\/Capture-d\u2019\u00e9cran-2020-01-16-\u00e0-11.24.44.png\" alt=\"\" class=\"wp-image-231\"\/><\/figure><\/div>\n\n\n\n<p>Comme tous les massages asiatiques, le &#8220;Kobido&#8221; travaille sur l\u2019\u00e9quilibre du \u00ab&nbsp;chi&nbsp;\u00bb, l\u2019\u00e9nergie vitale. Il stimule aussi la micro-circulation cutan\u00e9e et le flux lymphatique, pour un meilleur apport nutritif aux cellules ainsi qu&#8217;un drainage des d\u00e9chets m\u00e9taboliques. D\u2019o\u00f9 cet effet de \u00ab&nbsp;visage repulp\u00e9&nbsp;\u00bb et de teint \u00e9clairci \u00e0 la fin du soin. Mais il a \u00e9galement une action sur les tissus cutan\u00e9s, qu\u2019il raffermit et les muscles qu\u2019il relaxe afin de lisser les rides d\u2019expression. Enfin, il tonifie le visage et lui rend tout son galbe.<\/p>\n\n\n\n<p>Il ne faut pas oublier que les muscles peauciers qui tapissent le visage sont en contact \u00e9troit avec la peau. Tous les gestes visant \u00e0 les stimuler ont donc un impact imm\u00e9diat sur la qualit\u00e9 des tissus et les volumes du visage. \u00ab&nbsp;Comme lors d\u2019un cours de stretching, on va amener la fibre \u00e0 rel\u00e2cher sa tension de base. Le muscle va alors s\u2019allonger et entra\u00eener un v\u00e9ritable effet de lissage. C\u2019est ce qu\u2019on appelle en Kin\u00e9sith\u00e9rapie la \u00ab&nbsp;contraction rel\u00e2ch\u00e9e&nbsp;\u00bb. On applique une forte pression sur les muscles pendant quelques secondes, lesquels par effet r\u00e9flexe se rel\u00e2chent alors doucement.<\/p>\n\n\n\n<p>Inversement, si l\u2019on souhaite redonner sa vivacit\u00e9 \u00e0 un muscle, on lui applique des manoeuvres tr\u00e8s toniques et rapides (percussions, vibrations)  qui vont aussit\u00f4t le contracter et lui redonner du volume&nbsp;\u00bb<\/p>\n\n\n\n<p><strong>Pour un r\u00e9sultat optimal, pr\u00e9voyez dix s\u00e9ances rapproch\u00e9es (\u00e0 raison de deux par semaine), puis une s\u00e9ance d\u2019entretien tous les 15 jours \u00e0 1 mois.<\/strong><\/p>\n\n\n\n<p><em><strong>Lien du journal marie Claire :<\/strong><\/em><\/p>\n\n\n\n<p><a href=\"https:\/\/www.marieclaire.fr\/massage-kobido,1237557.asp\">https:\/\/www.marieclaire.fr\/massage-kobido,1237557.asp<\/a><\/p>\n\n\n\n<h1 class=\"wp-block-heading\">Tarifs et dur\u00e9e :<\/h1>\n\n\n\n<p>80 euros &#8211; 1h00 pour la Bretagne<\/p>\n\n\n\n<p><strong><a href=\"http:\/\/brudizen.com\/index.php\/me-joindre\/\">-&gt; R\u00e9servez votre massage d\u00e8s maintenant<\/a><\/strong><\/p>\n\n\n\n<p><\/p>\n","protected":false},"excerpt":{"rendered":"<p>Kobido&nbsp;n\u2019est pas la traduction de \u00ab&nbsp;massage japonais&nbsp;\u00bb mais signifie&nbsp;\u00ab&nbsp;ancienne voie de beaut\u00e9&nbsp;\u00bb. La marque a \u00e9t\u00e9 d\u00e9pos\u00e9e en France fin 2015. Toutefois, celle-ci n\u2019\u00e9tant pas encore enregistr\u00e9e, les professionnels qui pratiquent le Kobido peuvent encore en utiliser le nom. Dans de nombreux pays dont l&#8217;Espagne, Kobido est une marque d\u00e9pos\u00e9e. Le \u00ab&nbsp;Kobido&nbsp;\u00bb est un m\u00e9lange &hellip; <\/p>\n<p class=\"link-more\"><a href=\"https:\/\/brudizen.com\/index.php\/prestations\/massage-ayurvedique-et-energetique\/le-massage-japonais-kobido-special-visage\/\" class=\"more-link\">Continue reading<span class=\"screen-reader-text\"> &#8220;Le Massage Japonais (Kobido) sp\u00e9cial visage&#8221;<\/span><\/a><\/p>\n","protected":false},"author":1,"featured_media":283,"parent":44,"menu_order":2,"comment_status":"closed","ping_status":"closed","template":"","meta":[],"_links":{"self":[{"href":"https:\/\/brudizen.com\/index.php\/wp-json\/wp\/v2\/pages\/193"}],"collection":[{"href":"https:\/\/brudizen.com\/index.php\/wp-json\/wp\/v2\/pages"}],"about":[{"href":"https:\/\/brudizen.com\/index.php\/wp-json\/wp\/v2\/types\/page"}],"author":[{"embeddable":true,"href":"https:\/\/brudizen.com\/index.php\/wp-json\/wp\/v2\/users\/1"}],"replies":[{"embeddable":true,"href":"https:\/\/brudizen.com\/index.php\/wp-json\/wp\/v2\/comments?post=193"}],"version-history":[{"count":18,"href":"https:\/\/brudizen.com\/index.php\/wp-json\/wp\/v2\/pages\/193\/revisions"}],"predecessor-version":[{"id":449,"href":"https:\/\/brudizen.com\/index.php\/wp-json\/wp\/v2\/pages\/193\/revisions\/449"}],"up":[{"embeddable":true,"href":"https:\/\/brudizen.com\/index.php\/wp-json\/wp\/v2\/pages\/44"}],"wp:featuredmedia":[{"embeddable":true,"href":"https:\/\/brudizen.com\/index.php\/wp-json\/wp\/v2\/media\/283"}],"wp:attachment":[{"href":"https:\/\/brudizen.com\/index.php\/wp-json\/wp\/v2\/media?parent=193"}],"curies":[{"name":"wp","href":"https:\/\/api.w.org\/{rel}","templated":true}]}}