{"id":37,"date":"2020-01-10T17:24:12","date_gmt":"2020-01-10T16:24:12","guid":{"rendered":"http:\/\/brudizen.com\/?page_id=37"},"modified":"2023-11-07T10:04:14","modified_gmt":"2023-11-07T09:04:14","slug":"qui-suis-je","status":"publish","type":"page","link":"https:\/\/brudizen.com\/","title":{"rendered":"Depuis le 01\/11\/22 \u00e0 PL\u00c9RIN (C\u00f4te d&#8217;Armor-22120)"},"content":{"rendered":"<div class=\"wp-block-image\">\n<figure class=\"alignleft size-large\"><img decoding=\"async\" loading=\"lazy\" width=\"240\" height=\"240\" src=\"http:\/\/brudizen.com\/wp-content\/uploads\/2020\/01\/IMG_2651.jpg\" alt=\"\" class=\"wp-image-38\" srcset=\"https:\/\/brudizen.com\/wp-content\/uploads\/2020\/01\/IMG_2651.jpg 240w, https:\/\/brudizen.com\/wp-content\/uploads\/2020\/01\/IMG_2651-150x150.jpg 150w, https:\/\/brudizen.com\/wp-content\/uploads\/2020\/01\/IMG_2651-100x100.jpg 100w\" sizes=\"(max-width: 240px) 100vw, 240px\" \/><\/figure><\/div>\n\n\n<p><br>Des plaisirs de la table au bien-\u00eatre corporel, il n\u2019y a qu\u2019un pas que j\u2019ai franchi. Restaurateur de m\u00e9tier, attach\u00e9 \u00e0 une cuisine de qualit\u00e9 et \u00e0 la satisfaction de ma client\u00e8le, j\u2019ai d\u00e9cid\u00e9 d\u2019un nouveau challenge&nbsp;: le bien-\u00eatre.<\/p>\n\n\n\n<p><strong>Pour moi, chaque individu est unique et porte sur lui l\u2019empreinte de son exp\u00e9rience de vie.<br><\/strong><\/p>\n\n\n\n<p>En 2010, j\u2019ai d\u00e9couvert lors de ma formation un attrait particulier pour l&#8217;art du massage ayurv\u00e9dique&nbsp;: g\u00e9n\u00e9reux et enveloppant, apaisant, ce massage est l\u2019un des seuls o\u00f9 il y a un v\u00e9ritable \u00e9change d\u2019\u00e9nergies. Cette alchimie de sensations partag\u00e9es constitue sinc\u00e8rement aujourd\u2019hui mon \u00e9quilibre.<\/p>\n\n\n\n<p>En 2018, Lors du salon BIEN-\u00caTRE M\u00c9DECINE DOUCE &amp; THALASSO et \u00e0 la recherche d&#8217;une formation qui pouvait canaliser mon magn\u00e9tisme et de l&#8217;utiliser \u00e0 bon escient j&#8217;ai \u00e9t\u00e9 attirer pleinement par ce que pouvait repr\u00e9senter L&#8217;EMF BALANCING TECHNIQUE et j&#8217;ai commenc\u00e9 imm\u00e9diatement le cursus de praticien des phases 1 \u00e0 4 puis les phases 5 \u00e0 8 et les phases restantes en 2019.<\/p>\n\n\n\n<p>En 2018 \u00e9galement, j&#8217;ai \u00e9t\u00e9 amen\u00e9 \u00e0 d\u00e9couvrir le massage japonais &#8220;Le Kobido&#8221; qui par son exigence et son protocole des 48 phases, m&#8217;a s\u00e9duit imm\u00e9diatement.<\/p>\n\n\n\n<p>D\u00e9couvrez avec moi cette alchimie, par ses diff\u00e9rents choix que je vous propose et selon vos besoins et envies :<br>&#8211; R\u00e9gulez vos \u00e9nergies, et au fil des s\u00e9ances, diminuez votre stress, l\u2019insomnie, le mal de dos, la fatigue, les douleurs cervicales par l&#8217;interm\u00e9diaire du massage<br>&#8211; R\u00e9-alignement \u00e9nerg\u00e9tique afin de d\u00e9velopper une meilleure compr\u00e9hension de son \u00e9nergie centrale et d\u2019\u00eatre plus pr\u00e9sent dans son \u00ab&nbsp;maintenant&nbsp;\u00bb.<br><strong><br>Saviez-vous que vos pens\u00e9es, vos paroles, vos \u00e9motions et vos actions g\u00e9n\u00e8rent des charges \u00e9nerg\u00e9tiques qui d\u00e9terminent ce qu&#8217;il vous arrive dans votre vie : les difficult\u00e9s et les succ\u00e8s que vous rencontrez ? <\/strong><br><strong><br>Votre monde se cr\u00e9e ainsi en fonction de ces charges. L&#8217;EMF Balancing Technique est un outil efficace pour harmoniser ces charges, permettant ainsi de manifester une r\u00e9alit\u00e9 plus harmonieuse.<\/strong><\/p>\n\n\n\n<p><strong>Prenez le temps de d\u00e9couvrir mon site et n\u2019h\u00e9sitez pas \u00e0 me contacter pour des renseignements compl\u00e9mentaires. A tr\u00e8s bient\u00f4t&#8230;<\/strong><\/p>\n\n\n\n<h1 class=\"wp-block-heading\">Formations suivies :<\/h1>\n\n\n\n<p><a href=\"http:\/\/brudizen.com\/index.php\/qui-suis-je\/136-2\/\">-&gt; <strong><em>Consultez mon parcours<\/em><\/strong><\/a><\/p>\n\n\n\n<div class=\"wp-block-columns is-layout-flex wp-container-1\"><\/div>\n","protected":false},"excerpt":{"rendered":"<p>Des plaisirs de la table au bien-\u00eatre corporel, il n\u2019y a qu\u2019un pas que j\u2019ai franchi. Restaurateur de m\u00e9tier, attach\u00e9 \u00e0 une cuisine de qualit\u00e9 et \u00e0 la satisfaction de ma client\u00e8le, j\u2019ai d\u00e9cid\u00e9 d\u2019un nouveau challenge&nbsp;: le bien-\u00eatre. Pour moi, chaque individu est unique et porte sur lui l\u2019empreinte de son exp\u00e9rience de vie. &hellip; <\/p>\n<p class=\"link-more\"><a href=\"https:\/\/brudizen.com\/\" class=\"more-link\">Continue reading<span class=\"screen-reader-text\"> &#8220;Depuis le 01\/11\/22 \u00e0 PL\u00c9RIN (C\u00f4te d&#8217;Armor-22120)&#8221;<\/span><\/a><\/p>\n","protected":false},"author":1,"featured_media":0,"parent":0,"menu_order":2,"comment_status":"open","ping_status":"closed","template":"","meta":[],"_links":{"self":[{"href":"https:\/\/brudizen.com\/index.php\/wp-json\/wp\/v2\/pages\/37"}],"collection":[{"href":"https:\/\/brudizen.com\/index.php\/wp-json\/wp\/v2\/pages"}],"about":[{"href":"https:\/\/brudizen.com\/index.php\/wp-json\/wp\/v2\/types\/page"}],"author":[{"embeddable":true,"href":"https:\/\/brudizen.com\/index.php\/wp-json\/wp\/v2\/users\/1"}],"replies":[{"embeddable":true,"href":"https:\/\/brudizen.com\/index.php\/wp-json\/wp\/v2\/comments?post=37"}],"version-history":[{"count":26,"href":"https:\/\/brudizen.com\/index.php\/wp-json\/wp\/v2\/pages\/37\/revisions"}],"predecessor-version":[{"id":483,"href":"https:\/\/brudizen.com\/index.php\/wp-json\/wp\/v2\/pages\/37\/revisions\/483"}],"wp:attachment":[{"href":"https:\/\/brudizen.com\/index.php\/wp-json\/wp\/v2\/media?parent=37"}],"curies":[{"name":"wp","href":"https:\/\/api.w.org\/{rel}","templated":true}]}}