{"id":40,"date":"2020-01-10T17:29:57","date_gmt":"2020-01-10T16:29:57","guid":{"rendered":"http:\/\/brudizen.com\/?page_id=40"},"modified":"2020-01-17T16:50:00","modified_gmt":"2020-01-17T15:50:00","slug":"prestations","status":"publish","type":"page","link":"https:\/\/brudizen.com\/index.php\/prestations\/","title":{"rendered":"Prestations"},"content":{"rendered":"\n<div class=\"wp-block-image\"><figure class=\"alignleft size-large\"><img decoding=\"async\" loading=\"lazy\" width=\"191\" height=\"128\" src=\"http:\/\/brudizen.com\/wp-content\/uploads\/2020\/01\/DSC_0093-2-e1387284700660.jpg\" alt=\"\" class=\"wp-image-41\"\/><\/figure><\/div>\n\n\n\n<p>Le massage augmente la capacit\u00e9 respiratoire, d\u00e9tend le syst\u00e8me nerveux, am\u00e9liore la qualit\u00e9 du sommeil et la sant\u00e9 du plus grand de nos organes : la peau. Lorsque les mains du th\u00e9rapeute vous massent, des millions de cellules sensorielles communiquent avec la mo\u00eblle \u00e9pini\u00e8re, puis avec le thalamus qui intervient dans l\u2019humeur et les \u00e9motions.<br><\/p>\n\n\n\n<div class=\"wp-block-image\"><figure class=\"alignright size-large\"><img decoding=\"async\" loading=\"lazy\" width=\"191\" height=\"128\" src=\"http:\/\/brudizen.com\/wp-content\/uploads\/2020\/01\/DSC_0024-2-e1387290172742.jpg\" alt=\"\" class=\"wp-image-42\"\/><\/figure><\/div>\n\n\n\n<p>L\u2019influx poursuit sa route vers l\u2019hypothalamus, qui contr\u00f4le directement la s\u00e9cr\u00e9tion d\u2019endorphine, de dopamine et de s\u00e9rotonine. C\u2019est l\u2019ocytocine qui serait responsable de l\u2019effet anti-stress des massages selon le docteur Kerstin Uvn\u00e4s-Moberg, une chercheuse su\u00e9doise. Les massages ayurv\u00e9diques, californiens ou aux pierres chaudes comptent parmi les techniques les plus relaxantes.<\/p>\n\n\n\n<p>.<\/p>\n\n\n\n<p><a href=\"http:\/\/massages-zen-relaxation.com\/les-differents-massages\/massages-ayurvediques\/massage-des-pieds-avec-le-bol-kansu\/\">\u2013 Massage avec le bol Kansu<\/a><br><a href=\"http:\/\/massages-zen-relaxation.com\/les-differents-massages\/huile-bio\/\">\u2013 Massage \u00e0 l\u2019huile de s\u00e9same bio<\/a><br><a href=\"http:\/\/massages-zen-relaxation.com\/les-differents-massages\/massage-a-la-poudre-de-calamus\/\">\u2013 Massage \u00e0 la poudre de Calamus bio<\/a><\/p>\n","protected":false},"excerpt":{"rendered":"<p>Le massage augmente la capacit\u00e9 respiratoire, d\u00e9tend le syst\u00e8me nerveux, am\u00e9liore la qualit\u00e9 du sommeil et la sant\u00e9 du plus grand de nos organes : la peau. Lorsque les mains du th\u00e9rapeute vous massent, des millions de cellules sensorielles communiquent avec la mo\u00eblle \u00e9pini\u00e8re, puis avec le thalamus qui intervient dans l\u2019humeur et les \u00e9motions. &hellip; <\/p>\n<p class=\"link-more\"><a href=\"https:\/\/brudizen.com\/index.php\/prestations\/\" class=\"more-link\">Continue reading<span class=\"screen-reader-text\"> &#8220;Prestations&#8221;<\/span><\/a><\/p>\n","protected":false},"author":1,"featured_media":0,"parent":0,"menu_order":3,"comment_status":"closed","ping_status":"closed","template":"","meta":[],"_links":{"self":[{"href":"https:\/\/brudizen.com\/index.php\/wp-json\/wp\/v2\/pages\/40"}],"collection":[{"href":"https:\/\/brudizen.com\/index.php\/wp-json\/wp\/v2\/pages"}],"about":[{"href":"https:\/\/brudizen.com\/index.php\/wp-json\/wp\/v2\/types\/page"}],"author":[{"embeddable":true,"href":"https:\/\/brudizen.com\/index.php\/wp-json\/wp\/v2\/users\/1"}],"replies":[{"embeddable":true,"href":"https:\/\/brudizen.com\/index.php\/wp-json\/wp\/v2\/comments?post=40"}],"version-history":[{"count":2,"href":"https:\/\/brudizen.com\/index.php\/wp-json\/wp\/v2\/pages\/40\/revisions"}],"predecessor-version":[{"id":300,"href":"https:\/\/brudizen.com\/index.php\/wp-json\/wp\/v2\/pages\/40\/revisions\/300"}],"wp:attachment":[{"href":"https:\/\/brudizen.com\/index.php\/wp-json\/wp\/v2\/media?parent=40"}],"curies":[{"name":"wp","href":"https:\/\/api.w.org\/{rel}","templated":true}]}}