{"id":55,"date":"2020-01-10T17:41:31","date_gmt":"2020-01-10T16:41:31","guid":{"rendered":"http:\/\/brudizen.com\/?page_id=55"},"modified":"2020-04-07T13:24:06","modified_gmt":"2020-04-07T11:24:06","slug":"massage-de-plein-corps-abhyangam-ayurvedique","status":"publish","type":"page","link":"https:\/\/brudizen.com\/index.php\/prestations\/massage-ayurvedique-et-energetique\/massage-de-plein-corps-abhyangam-ayurvedique\/","title":{"rendered":"Massage de plein corps Abhyangam (ayurv\u00e9dique)"},"content":{"rendered":"\n<p>Massage de pleins corps, v\u00e9ritable massage ayurv\u00e9dique selon les livres sacr\u00e9s de Brahma, fait partie int\u00e9grante de la m\u00e9decine ayurv\u00e9dique.<\/p>\n\n\n\n<div class=\"wp-block-image\"><figure class=\"alignleft size-large\"><img decoding=\"async\" loading=\"lazy\" width=\"299\" height=\"200\" src=\"http:\/\/brudizen.com\/wp-content\/uploads\/2020\/01\/DSC_0061-2-e1387289807526.jpg\" alt=\"\" class=\"wp-image-56\"\/><\/figure><\/div>\n\n\n\n<p><br>\u00ab<strong>Abhyanga<\/strong>\u00bb signifie, litt\u00e9ralement, massage \u00e0 l\u2019huile de tout le corps. Ce massage holistique traditionnel venant de l\u2019Inde est sp\u00e9cifiquement recommand\u00e9 dans le cadre du syst\u00e8me th\u00e9rapeutique, l\u2019ayurv\u00e9da,&nbsp;pour une am\u00e9lioration globale de la sant\u00e9 et du bien-\u00eatre. <\/p>\n\n\n\n<div class=\"wp-block-image\"><figure class=\"alignright size-large\"><img decoding=\"async\" loading=\"lazy\" width=\"299\" height=\"200\" src=\"http:\/\/brudizen.com\/wp-content\/uploads\/2020\/01\/DSC_0148-2-e1387286968377.jpg\" alt=\"\" class=\"wp-image-49\"\/><\/figure><\/div>\n\n\n\n<p><br>En effet,&nbsp;<strong>l\u2019abhyanga&nbsp;<\/strong>est la voie la plus directe pour harmoniser l\u2019\u00e9nergie vitale du corps, car cette technique&nbsp;met en \u0153uvre non seulement diverses techniques manuelles mais aussi les propri\u00e9t\u00e9s des diff\u00e9rentes huiles, plantes ou ar\u00f4mes utilis\u00e9s pendant toute la dur\u00e9e du massage.<\/p>\n\n\n\n<h1 class=\"wp-block-heading\">Histoire :<\/h1>\n\n\n\n<p>Le syst\u00e8me de sant\u00e9 appel\u00e9&nbsp;<strong>Ayurv\u00e9da<\/strong>&nbsp;vient litt\u00e9ralement, du sanskrit \u00abAyur\u00bb (vie) et \u00abVeda\u00bb (connaissance). C\u2019est la m\u00e9decine physique-spirituelle traditionnelle de l\u2019Inde. Elle a \u00e9t\u00e9 transmise oralement par les saints hommes de l\u2019Inde ancienne, les Rishi, jusqu\u2019\u00e0 l\u2019av\u00e8nement de l\u2019\u00e9criture. C\u2019est il y a seulement 4 500 ans que l\u2019ayurveda fut transcrit dans les textes sacr\u00e9s, les \u00abVeda\u00bb. Cette ancienne m\u00e9thode a influenc\u00e9 les m\u00e9decines du Tibet, de la Chine, de la Perse, de l\u2019Egypte, de la Gr\u00e8ce et de Rome. Pendant la colonisation britannique, les occupants ont banni les coll\u00e8ges ayurv\u00e9diques; c\u2019est depuis l\u2019ind\u00e9pendance de l\u2019Inde que l\u2019ayurveda est revenu en force. Cependant, certaines connaissances ont \u00e9t\u00e9 perdues comme la chirurgie. Heureusement, la transmission du <strong>massage ayurv\u00e9dique<\/strong>&nbsp;n\u2019a pas \u00e9t\u00e9 trop affect\u00e9e durant cette mauvaise p\u00e9riode.&nbsp;<strong>L\u2019abhyanga&nbsp;<\/strong>(litt\u00e9ralement, massage \u00e0 l\u2019huile de tout le corps) fait partie int\u00e9grante de la m\u00e9decine ayurv\u00e9dique. Le<strong>&nbsp;massage abhyanga<\/strong>&nbsp;est tout particuli\u00e8rement recommand\u00e9 dans le cadre de ce syst\u00e8me th\u00e9rapeutique pour une am\u00e9lioration globale de la sant\u00e9 et du bien-\u00eatre.<\/p>\n\n\n\n<h1 class=\"wp-block-heading\">Description :<\/h1>\n\n\n\n<p>L\u2019une des caract\u00e9ristiques de base du&nbsp;<strong>massage abhyanga<\/strong>&nbsp;est l\u2019accent mis sur le concept d\u2019\u00e9nergie (prana). De l\u00e0, \u00e9merge une conscience de la n\u00e9cessit\u00e9 d\u2019un flux libre et harmonieux de l\u2019\u00e9nergie afin de rester en bonne sant\u00e9 ; les ruptures de flux \u00e9nerg\u00e9tiques entra\u00eenent invariablement d\u00e9s\u00e9quilibres et maladies. Dans la vision yogique et ayurv\u00e9dique de l\u2019anatomie \u00e9nerg\u00e9tique, il y a sept types de centres \u00e9nerg\u00e9tiques (les chakras), 14 nadis (ou courants \u00e9nerg\u00e9tiques), dont on compte 107 marmas (litt\u00e9ralement zones sensibles ou vuln\u00e9rables), et des points \u00e9nerg\u00e9tiques localis\u00e9s dans tout le corps. La manipulation des marmas par le biais du massage (<strong>abhyanga<\/strong>), de la digitopuncture, de l\u2019aromath\u00e9rapie, des plantes, de la marmapuncture et de la chaleur, permet de mobiliser le prana (\u00e9nergie vitale) afin de r\u00e9sorber des blocages et stimuler le courant \u00e9nerg\u00e9tique. Toutes les th\u00e9rapies ayurv\u00e9diques, incluant le&nbsp;<strong>massage abhyanga<\/strong>, qui travaillent d\u2019une mani\u00e8re ou d\u2019une autre sur le prana, tendent \u00e0 harmoniser ses fonctions, premi\u00e8rement au moyen des trois doshas : vatta, pitta et kapha. \u00abDosha\u00bb veut litt\u00e9ralement dire \u00abcelui qui va mettre en balance\u00bb et les trois doshas sont les facteurs primaires de l\u2019\u00e9tat de sant\u00e9 ou de maladie. Ils r\u00e9gulent notre climat interne gr\u00e2ce \u00e0 leurs interactions. <strong>L\u2019abhyanga<\/strong>&nbsp;est la voie la plus directe pour harmoniser le prana du corps.<strong>&nbsp;L\u2019abhyanga<\/strong>&nbsp;met en \u0153uvre non seulement des techniques de massage mais aussi les propri\u00e9t\u00e9s des huiles, des plantes, des ar\u00f4mes, etc. Le massage du corps entier ouvre l\u2019\u00e9nergie des marmas et pr\u00e9pare le terrain pour un traitement efficace de marmas sp\u00e9cifiques.<\/p>\n\n\n\n<h1 class=\"wp-block-heading\"><strong>Les bienfaits :<\/strong><\/h1>\n\n\n\n<p><strong>Voici les principaux bienfaits physiques, psychologiques et spirituels :<\/strong><\/p>\n\n\n\n<p><strong>Bienfaits physiques :<\/strong><br>\u2013 Am\u00e9lioration de la circulation,<br>\u2013 Tonification musculaire,<br>\u2013 Assouplissement des articulations,<br>\u2013 \u00c9limination des impuret\u00e9s du corps avec une action sur la peau,<br>\u2013 Accroissement de l\u2019\u00e9nergie vitale tout au long de la journ\u00e9e,<br>\u2013 Action sur le syst\u00e8me nerveux, le sommeil est de meilleure qualit\u00e9 et plus profond.<\/p>\n\n\n\n<p><strong>Bienfaits psychologiques :<\/strong><br>\u2013 Positivisation des \u00e9motions,<br>\u2013 Am\u00e9lioration de l\u2019harmonie intellectuelle et de la concentration,<br>\u2013 Meilleure gestion du stress et des \u00e9motions.<\/p>\n\n\n\n<p><strong>Bienfaits spirituels :<\/strong><br>\u2013 Harmonie retrouv\u00e9e avec la nature et notre \u00eatre profond,<br>\u2013 Accroissement de l\u2019\u00e9nergie des Chakras, l\u2019ouverture \u00e0 la m\u00e9ditation.<\/p>\n\n\n\n<p>Les textes ayurv\u00e9diques traditionnels font souvent l\u2019\u00e9loge de l\u2019abhyanga et de ses bienfaits. En conclusion, voici ce qui est dit dans l\u2019un de ces textes : \u00abOffrez-vous un massage ayurv\u00e9dique complet aux huiles. C\u2019est nourrissant et reconstituant en \u00e9nergie vitale ; cela soulage de la fatigue, revivifie le teint et illumine la peau, am\u00e9liore la long\u00e9vit\u00e9 et nourrit toutes les parties du corps\u00bb.<\/p>\n\n\n\n<h2 class=\"wp-block-heading\">Tarifs et dur\u00e9e :<\/h2>\n\n\n\n<p>90\u20ac &#8211; 1h30<\/p>\n\n\n\n<p><strong><a href=\"http:\/\/brudizen.com\/index.php\/me-joindre\/\">-&gt; R\u00e9servez votre massage d\u00e8s maintenant<\/a><\/strong><\/p>\n","protected":false},"excerpt":{"rendered":"<p>Massage de pleins corps, v\u00e9ritable massage ayurv\u00e9dique selon les livres sacr\u00e9s de Brahma, fait partie int\u00e9grante de la m\u00e9decine ayurv\u00e9dique. \u00abAbhyanga\u00bb signifie, litt\u00e9ralement, massage \u00e0 l\u2019huile de tout le corps. Ce massage holistique traditionnel venant de l\u2019Inde est sp\u00e9cifiquement recommand\u00e9 dans le cadre du syst\u00e8me th\u00e9rapeutique, l\u2019ayurv\u00e9da,&nbsp;pour une am\u00e9lioration globale de la sant\u00e9 et du &hellip; <\/p>\n<p class=\"link-more\"><a href=\"https:\/\/brudizen.com\/index.php\/prestations\/massage-ayurvedique-et-energetique\/massage-de-plein-corps-abhyangam-ayurvedique\/\" class=\"more-link\">Continue reading<span class=\"screen-reader-text\"> &#8220;Massage de plein corps Abhyangam (ayurv\u00e9dique)&#8221;<\/span><\/a><\/p>\n","protected":false},"author":1,"featured_media":174,"parent":44,"menu_order":1,"comment_status":"closed","ping_status":"closed","template":"","meta":[],"_links":{"self":[{"href":"https:\/\/brudizen.com\/index.php\/wp-json\/wp\/v2\/pages\/55"}],"collection":[{"href":"https:\/\/brudizen.com\/index.php\/wp-json\/wp\/v2\/pages"}],"about":[{"href":"https:\/\/brudizen.com\/index.php\/wp-json\/wp\/v2\/types\/page"}],"author":[{"embeddable":true,"href":"https:\/\/brudizen.com\/index.php\/wp-json\/wp\/v2\/users\/1"}],"replies":[{"embeddable":true,"href":"https:\/\/brudizen.com\/index.php\/wp-json\/wp\/v2\/comments?post=55"}],"version-history":[{"count":12,"href":"https:\/\/brudizen.com\/index.php\/wp-json\/wp\/v2\/pages\/55\/revisions"}],"predecessor-version":[{"id":433,"href":"https:\/\/brudizen.com\/index.php\/wp-json\/wp\/v2\/pages\/55\/revisions\/433"}],"up":[{"embeddable":true,"href":"https:\/\/brudizen.com\/index.php\/wp-json\/wp\/v2\/pages\/44"}],"wp:featuredmedia":[{"embeddable":true,"href":"https:\/\/brudizen.com\/index.php\/wp-json\/wp\/v2\/media\/174"}],"wp:attachment":[{"href":"https:\/\/brudizen.com\/index.php\/wp-json\/wp\/v2\/media?parent=55"}],"curies":[{"name":"wp","href":"https:\/\/api.w.org\/{rel}","templated":true}]}}