{"id":83,"date":"2020-01-10T18:23:09","date_gmt":"2020-01-10T17:23:09","guid":{"rendered":"http:\/\/brudizen.com\/?page_id=83"},"modified":"2023-11-07T10:06:51","modified_gmt":"2023-11-07T09:06:51","slug":"tarifs","status":"publish","type":"page","link":"https:\/\/brudizen.com\/index.php\/tarifs\/","title":{"rendered":"Tarifs"},"content":{"rendered":"\n<figure class=\"wp-block-table\"><table><tbody><tr><td><strong>Massages et Soins<\/strong> <br><\/td><td class=\"has-text-align-center\" data-align=\"center\"><strong>DUR\u00c9E ENVIRON<\/strong><\/td><td class=\"has-text-align-center\" data-align=\"center\"><strong>NOUVELLE ADRESSE EN BRETAGNE<\/strong><\/td><td class=\"has-text-align-center\" data-align=\"center\"><strong>CHEZ VOUS EN BRETAGNE<\/strong><\/td><\/tr><tr><td>&nbsp;<\/td><td class=\"has-text-align-center\" data-align=\"center\"><\/td><td class=\"has-text-align-center\" data-align=\"center\">PLERIN<\/td><td class=\"has-text-align-center\" data-align=\"center\">(Maxi 20 kms)<\/td><\/tr><tr><td><strong><em>SOINS du<\/em><\/strong> <strong><em>VISAGE<\/em><\/strong> <br>(Homme et Femme)<\/td><td class=\"has-text-align-center\" data-align=\"center\"><\/td><td class=\"has-text-align-center\" data-align=\"center\">&nbsp;<\/td><td class=\"has-text-align-center\" data-align=\"center\">&nbsp;<\/td><\/tr><tr><td>Massage Japonais (KOBIDO)  uniquement visage<\/td><td class=\"has-text-align-center\" data-align=\"center\">1H 00<\/td><td class=\"has-text-align-center\" data-align=\"center\">80 \u20ac<\/td><td class=\"has-text-align-center\" data-align=\"center\">90 \u20ac&nbsp;<\/td><\/tr><tr><td><\/td><td class=\"has-text-align-center\" data-align=\"center\"><\/td><td class=\"has-text-align-center\" data-align=\"center\"><\/td><td class=\"has-text-align-center\" data-align=\"center\"><\/td><\/tr><tr><td><em><strong>MASSAGES<\/strong><\/em>  <br>(Homme et Femme)<\/td><td class=\"has-text-align-center\" data-align=\"center\"><\/td><td class=\"has-text-align-center\" data-align=\"center\">&nbsp;<\/td><td class=\"has-text-align-center\" data-align=\"center\">&nbsp;<\/td><\/tr><tr><td>Massage Ayurv\u00e9dique <br>corps complet <\/td><td class=\"has-text-align-center\" data-align=\"center\">1 h 30<\/td><td class=\"has-text-align-center\" data-align=\"center\">90 \u20ac<\/td><td class=\"has-text-align-center\" data-align=\"center\">100 \u20ac <\/td><\/tr><tr><td><\/td><td class=\"has-text-align-center\" data-align=\"center\"><\/td><td class=\"has-text-align-center\" data-align=\"center\"><\/td><td class=\"has-text-align-center\" data-align=\"center\"><\/td><\/tr><tr><td><strong><em>EMF BALANCING TECHNIQUE<\/em>  <\/strong><br>(Homme et Femme)<\/td><td class=\"has-text-align-center\" data-align=\"center\"><\/td><td class=\"has-text-align-center\" data-align=\"center\">&nbsp;<\/td><td class=\"has-text-align-center\" data-align=\"center\">&nbsp;<\/td><\/tr><tr><td>Phase de 1 \u00e0 4 <\/td><td class=\"has-text-align-center\" data-align=\"center\">1 h 15<\/td><td class=\"has-text-align-center\" data-align=\"center\">60 \u20ac<\/td><td class=\"has-text-align-center\" data-align=\"center\">&nbsp;70 \u20ac<\/td><\/tr><tr><td>Deux Phases combin\u00e9es :<br>(1-2)  ou  (3-4)  ou  (1-4)<\/td><td class=\"has-text-align-center\" data-align=\"center\">1H30<\/td><td class=\"has-text-align-center\" data-align=\"center\">90 \u20ac<\/td><td class=\"has-text-align-center\" data-align=\"center\">&nbsp;100 \u20ac<\/td><\/tr><tr><td>Phase de 5 \u00e0 8 <\/td><td class=\"has-text-align-center\" data-align=\"center\">1 h 15<\/td><td class=\"has-text-align-center\" data-align=\"center\">60 \u20ac<\/td><td class=\"has-text-align-center\" data-align=\"center\">70 \u20ac&nbsp;<\/td><\/tr><tr><td>Phase de 9 \u00e0 12 <\/td><td class=\"has-text-align-center\" data-align=\"center\">1 h 15<\/td><td class=\"has-text-align-center\" data-align=\"center\">60 \u20ac<\/td><td class=\"has-text-align-center\" data-align=\"center\">&nbsp;70 \u20ac<\/td><\/tr><tr><td>Phase  13 <\/td><td class=\"has-text-align-center\" data-align=\"center\">1 h 15<\/td><td class=\"has-text-align-center\" data-align=\"center\">60 \u20ac<\/td><td class=\"has-text-align-center\" data-align=\"center\">&nbsp;70 \u20ac<\/td><\/tr><\/tbody><\/table><\/figure>\n\n\n\n<p><strong>Caract\u00e9ristiques :<\/strong><\/p>\n\n\n\n<figure class=\"wp-block-table\"><table><tbody><tr><td><em>Publics<\/em><\/td><td><strong>Tout public majeur<\/strong><\/td><\/tr><tr><td><em>Moyens de paiement<\/em><\/td><td><strong>Esp\u00e8ces&nbsp;<\/strong><br><strong>Carte Bancaire<\/strong> (Visa, Mastercard, American Express)<br>(uniquement pour les harmonisations EMF \u00e0 distance ou par t\u00e9l\u00e9phone)<br><strong>Les ch\u00e8ques ne sont pas accept\u00e9s<\/strong><\/td><\/tr><tr><td><em>Horaires d\u2019ouverture<\/em><\/td><td>Joignable tous les jours 7\/7<\/td><\/tr><\/tbody><\/table><\/figure>\n\n\n\n<p><strong>IMPORTANT !<\/strong><\/p>\n\n\n\n<p>Ma nouvelle adresse est effective <strong>depuis le <\/strong>01\/11\/23 en BRETAGNE, je suis bas\u00e9 \u00e0 PLERIN (22190) dans les c\u00f4tes d&#8217;armor,  je re\u00e7ois ou je peux me d\u00e9placer \u00e0 hauteur de 20 kilom\u00e8tres (voir tableau tarifs ci-dessus), merci de votre confiance, pour les rendez vous il est pr\u00e9f\u00e9rable de remplir enti\u00e8rement le formulaire en ligne et je vous appelle ou vous contacte par mail pour prise de rendez-vous, les rendez-vous de derni\u00e8re minutes sont possibles si je suis disponible, ce qui va de soit, mais ce n\u2019est pas toujours le cas \u2026 Merci\u00a0beaucoup votre bienveillance\u2026<strong>\u00a0Didier<\/strong><\/p>\n\n\n\n<p><strong>PS: Concernant le massage, il est inutile de rappeler les r\u00e8gles d\u2019hygi\u00e8nes merci de prendre une douche avant.<\/strong><\/p>\n","protected":false},"excerpt":{"rendered":"<p>Massages et Soins DUR\u00c9E ENVIRON NOUVELLE ADRESSE EN BRETAGNE CHEZ VOUS EN BRETAGNE &nbsp; PLERIN (Maxi 20 kms) SOINS du VISAGE (Homme et Femme) &nbsp; &nbsp; Massage Japonais (KOBIDO) uniquement visage 1H 00 80 \u20ac 90 \u20ac&nbsp; MASSAGES (Homme et Femme) &nbsp; &nbsp; Massage Ayurv\u00e9dique corps complet 1 h 30 90 \u20ac 100 \u20ac EMF &hellip; <\/p>\n<p class=\"link-more\"><a href=\"https:\/\/brudizen.com\/index.php\/tarifs\/\" class=\"more-link\">Continue reading<span class=\"screen-reader-text\"> &#8220;Tarifs&#8221;<\/span><\/a><\/p>\n","protected":false},"author":1,"featured_media":0,"parent":0,"menu_order":5,"comment_status":"closed","ping_status":"closed","template":"","meta":[],"_links":{"self":[{"href":"https:\/\/brudizen.com\/index.php\/wp-json\/wp\/v2\/pages\/83"}],"collection":[{"href":"https:\/\/brudizen.com\/index.php\/wp-json\/wp\/v2\/pages"}],"about":[{"href":"https:\/\/brudizen.com\/index.php\/wp-json\/wp\/v2\/types\/page"}],"author":[{"embeddable":true,"href":"https:\/\/brudizen.com\/index.php\/wp-json\/wp\/v2\/users\/1"}],"replies":[{"embeddable":true,"href":"https:\/\/brudizen.com\/index.php\/wp-json\/wp\/v2\/comments?post=83"}],"version-history":[{"count":35,"href":"https:\/\/brudizen.com\/index.php\/wp-json\/wp\/v2\/pages\/83\/revisions"}],"predecessor-version":[{"id":482,"href":"https:\/\/brudizen.com\/index.php\/wp-json\/wp\/v2\/pages\/83\/revisions\/482"}],"wp:attachment":[{"href":"https:\/\/brudizen.com\/index.php\/wp-json\/wp\/v2\/media?parent=83"}],"curies":[{"name":"wp","href":"https:\/\/api.w.org\/{rel}","templated":true}]}}