{"id":86,"date":"2020-01-10T18:25:22","date_gmt":"2020-01-10T17:25:22","guid":{"rendered":"http:\/\/brudizen.com\/?page_id=86"},"modified":"2022-06-12T23:48:53","modified_gmt":"2022-06-12T21:48:53","slug":"me-joindre","status":"publish","type":"page","link":"https:\/\/brudizen.com\/index.php\/me-joindre\/","title":{"rendered":"Me joindre"},"content":{"rendered":"\n<p>Je suis disponible 7 jours sur 7 et joignable au 0788695478.<br>N&#8217;h\u00e9sitez pas \u00e0 me contacter pour de plus amples informations ou pour r\u00e9server en direct votre s\u00e9ance d&#8217;Harmonisation des champs \u00e9lectromagn\u00e9tiques d&#8217;EMF BALANCING TECHNIQUE ou de votre massage.<\/p>\n\n\n\n<h2 class=\"wp-block-heading\">R\u00e9servez en ligne votre massage :<\/h2>\n\n\n\n<p>Veuillez remplir le formulaire ci-dessous. <br>Je vous recontacterai au plus vite.<\/p>\n\n\n\n\n<div class=\"wpcf7 no-js\" id=\"wpcf7-f212-o1\" lang=\"fr-FR\" dir=\"ltr\">\n<div class=\"screen-reader-response\"><p role=\"status\" aria-live=\"polite\" aria-atomic=\"true\"><\/p> <ul><\/ul><\/div>\n<form action=\"\/index.php\/wp-json\/wp\/v2\/pages\/86#wpcf7-f212-o1\" method=\"post\" class=\"wpcf7-form init\" aria-label=\"Formulaire de contact\" novalidate=\"novalidate\" data-status=\"init\">\n<div style=\"display: none;\">\n<input type=\"hidden\" name=\"_wpcf7\" value=\"212\" \/>\n<input type=\"hidden\" name=\"_wpcf7_version\" value=\"5.8.7\" \/>\n<input type=\"hidden\" name=\"_wpcf7_locale\" value=\"fr_FR\" \/>\n<input type=\"hidden\" name=\"_wpcf7_unit_tag\" value=\"wpcf7-f212-o1\" \/>\n<input type=\"hidden\" name=\"_wpcf7_container_post\" value=\"0\" \/>\n<input type=\"hidden\" name=\"_wpcf7_posted_data_hash\" value=\"\" \/>\n<\/div>\n<p><label style=\"width: 100%;\"> Nom*<br \/>\n<span class=\"wpcf7-form-control-wrap\" data-name=\"your-name\"><input size=\"40\" class=\"wpcf7-form-control wpcf7-text wpcf7-validates-as-required\" aria-required=\"true\" aria-invalid=\"false\" value=\"\" type=\"text\" name=\"your-name\" \/><\/span> <\/label>\n<\/p>\n<p><label style=\"width: 100%;\"> Pr\u00e9nom*<br \/>\n<span class=\"wpcf7-form-control-wrap\" data-name=\"your-first-name\"><input size=\"40\" class=\"wpcf7-form-control wpcf7-text wpcf7-validates-as-required\" aria-required=\"true\" aria-invalid=\"false\" value=\"\" type=\"text\" name=\"your-first-name\" \/><\/span> <\/label>\n<\/p>\n<p><label style=\"width: 100%;\"> Age*<br \/>\n<span class=\"wpcf7-form-control-wrap\" data-name=\"your-age\"><input size=\"40\" class=\"wpcf7-form-control wpcf7-text wpcf7-validates-as-required\" aria-required=\"true\" aria-invalid=\"false\" value=\"\" type=\"text\" name=\"your-age\" \/><\/span> <\/label>\n<\/p>\n<p><label style=\"width: 100%;\"> T\u00e9l\u00e9phone*<br \/>\n<span class=\"wpcf7-form-control-wrap\" data-name=\"your-tel\"><input size=\"40\" class=\"wpcf7-form-control wpcf7-text wpcf7-validates-as-required\" aria-required=\"true\" aria-invalid=\"false\" value=\"\" type=\"text\" name=\"your-tel\" \/><\/span> <\/label>\n<\/p>\n<p><label style=\"width: 100%;\"> Votre adresse e-mail*<br \/>\n<span class=\"wpcf7-form-control-wrap\" data-name=\"your-email\"><input size=\"40\" class=\"wpcf7-form-control wpcf7-email wpcf7-validates-as-required wpcf7-text wpcf7-validates-as-email\" aria-required=\"true\" aria-invalid=\"false\" value=\"\" type=\"email\" name=\"your-email\" \/><\/span> <\/label>\n<\/p>\n<p><label style=\"width: 100%;\"> Douleurs particuli\u00e8res ?*<br \/>\n<span class=\"wpcf7-form-control-wrap\" data-name=\"menu-douleurs\"><select class=\"wpcf7-form-control wpcf7-select wpcf7-validates-as-required\" aria-required=\"true\" aria-invalid=\"false\" name=\"menu-douleurs\"><option value=\"Non\">Non<\/option><option value=\"Oui\">Oui<\/option><\/select><\/span> <\/label>\n<\/p>\n<p><label style=\"width: 100%;\"> Si oui lesquelles ?*<br \/>\n<span class=\"wpcf7-form-control-wrap\" data-name=\"quelles-douleurs\"><input size=\"40\" class=\"wpcf7-form-control wpcf7-text\" aria-invalid=\"false\" value=\"\" type=\"text\" name=\"quelles-douleurs\" \/><\/span> <\/label>\n<\/p>\n<p><label style=\"width: 100%;\"> Fractures ?*<br \/>\n<span class=\"wpcf7-form-control-wrap\" data-name=\"menu-fractures\"><select class=\"wpcf7-form-control wpcf7-select wpcf7-validates-as-required\" aria-required=\"true\" aria-invalid=\"false\" name=\"menu-fractures\"><option value=\"Non\">Non<\/option><option value=\"Oui\">Oui<\/option><\/select><\/span> <\/label>\n<\/p>\n<p><label style=\"width: 100%;\"> Articulations fragiles ?*<br \/>\n<span class=\"wpcf7-form-control-wrap\" data-name=\"menu-articulations-fragiles\"><select class=\"wpcf7-form-control wpcf7-select wpcf7-validates-as-required\" aria-required=\"true\" aria-invalid=\"false\" name=\"menu-articulations-fragiles\"><option value=\"Non\">Non<\/option><option value=\"Oui\">Oui<\/option><\/select><\/span> <\/label>\n<\/p>\n<p><label style=\"width: 100%;\"> Avez-vous d\u00e9j\u00e0 eu un massage ?*<br \/>\n<span class=\"wpcf7-form-control-wrap\" data-name=\"menu-massage\"><select class=\"wpcf7-form-control wpcf7-select wpcf7-validates-as-required\" aria-required=\"true\" aria-invalid=\"false\" name=\"menu-massage\"><option value=\"Non\">Non<\/option><option value=\"Oui\">Oui<\/option><\/select><\/span> <\/label>\n<\/p>\n<p><label style=\"width: 100%;\"> A quelle date voulez-vous la date et l'heure de votre massage ?*<br \/>\n<span class=\"wpcf7-form-control-wrap\" data-name=\"text-massage\"><input size=\"40\" class=\"wpcf7-form-control wpcf7-text\" aria-invalid=\"false\" value=\"\" type=\"text\" name=\"text-massage\" \/><\/span> <\/label>\n<\/p>\n<p><label style=\"width: 100%;\"> Souhaitez-vous un rdv massage ou Harmonisation des champs \u00c9lectromagn\u00e9tiques ?*<br \/>\n<span class=\"wpcf7-form-control-wrap\" data-name=\"menu-choix\"><select class=\"wpcf7-form-control wpcf7-select wpcf7-validates-as-required\" aria-required=\"true\" aria-invalid=\"false\" name=\"menu-choix\"><option value=\"Massage\">Massage<\/option><option value=\"Harmonisation des champs \u00c9lectromagn\u00e9tiques\">Harmonisation des champs \u00c9lectromagn\u00e9tiques<\/option><\/select><\/span> <\/label>\n<\/p>\n<p><label style=\"width: 100%;\"> Quel est votre message ou vos questions ?*<br \/>\n<span class=\"wpcf7-form-control-wrap\" data-name=\"your-message\"><textarea cols=\"40\" rows=\"10\" class=\"wpcf7-form-control wpcf7-textarea wpcf7-validates-as-required\" aria-required=\"true\" aria-invalid=\"false\" name=\"your-message\"><\/textarea><\/span> <\/label>\n<\/p>\n<p><input class=\"wpcf7-form-control wpcf7-submit has-spinner\" type=\"submit\" value=\"Envoyer\" \/>\n<\/p><div class=\"wpcf7-response-output\" aria-hidden=\"true\"><\/div>\n<\/form>\n<\/div>\n\n","protected":false},"excerpt":{"rendered":"<p>Je suis disponible 7 jours sur 7 et joignable au 0788695478.N&#8217;h\u00e9sitez pas \u00e0 me contacter pour de plus amples informations ou pour r\u00e9server en direct votre s\u00e9ance d&#8217;Harmonisation des champs \u00e9lectromagn\u00e9tiques d&#8217;EMF BALANCING TECHNIQUE ou de votre massage. R\u00e9servez en ligne votre massage : Veuillez remplir le formulaire ci-dessous. Je vous recontacterai au plus vite.<\/p>\n","protected":false},"author":1,"featured_media":0,"parent":0,"menu_order":6,"comment_status":"closed","ping_status":"closed","template":"","meta":[],"_links":{"self":[{"href":"https:\/\/brudizen.com\/index.php\/wp-json\/wp\/v2\/pages\/86"}],"collection":[{"href":"https:\/\/brudizen.com\/index.php\/wp-json\/wp\/v2\/pages"}],"about":[{"href":"https:\/\/brudizen.com\/index.php\/wp-json\/wp\/v2\/types\/page"}],"author":[{"embeddable":true,"href":"https:\/\/brudizen.com\/index.php\/wp-json\/wp\/v2\/users\/1"}],"replies":[{"embeddable":true,"href":"https:\/\/brudizen.com\/index.php\/wp-json\/wp\/v2\/comments?post=86"}],"version-history":[{"count":7,"href":"https:\/\/brudizen.com\/index.php\/wp-json\/wp\/v2\/pages\/86\/revisions"}],"predecessor-version":[{"id":469,"href":"https:\/\/brudizen.com\/index.php\/wp-json\/wp\/v2\/pages\/86\/revisions\/469"}],"wp:attachment":[{"href":"https:\/\/brudizen.com\/index.php\/wp-json\/wp\/v2\/media?parent=86"}],"curies":[{"name":"wp","href":"https:\/\/api.w.org\/{rel}","templated":true}]}}